{"id":1410,"date":"2023-06-19T15:31:42","date_gmt":"2023-06-19T13:31:42","guid":{"rendered":"https:\/\/anaitasunaikastola.eus\/?page_id=1410"},"modified":"2023-06-22T17:32:41","modified_gmt":"2023-06-22T15:32:41","slug":"nuestra-escuela","status":"publish","type":"page","link":"https:\/\/anaitasunaikastola.eus\/es\/ikastetxea\/nuestra-escuela\/","title":{"rendered":"Nuestra escuela"},"content":{"rendered":"<p>[et_pb_section fb_built=\u00bb1&#8243; _builder_version=\u00bb4.21.0&#8243; _module_preset=\u00bbdefault\u00bb background_color=\u00bbRGBA(255,255,255,0)\u00bb background_image=\u00bbhttps:\/\/anaitasunaikastola.eus\/wp-content\/uploads\/2023\/06\/BOROBIL_1.png\u00bb background_size=\u00bbcustom\u00bb background_image_width=\u00bb78%\u00bb background_position=\u00bbtop_left\u00bb global_colors_info=\u00bb{}\u00bb][et_pb_row column_structure=\u00bb3_5,2_5&#8243; _builder_version=\u00bb4.21.0&#8243; _module_preset=\u00bbdefault\u00bb background_enable_image=\u00bboff\u00bb background_size=\u00bbcontain\u00bb background_position=\u00bbcenter_left\u00bb global_colors_info=\u00bb{}\u00bb][et_pb_column type=\u00bb3_5&#8243; _builder_version=\u00bb4.21.0&#8243; _module_preset=\u00bbdefault\u00bb global_colors_info=\u00bb{}\u00bb][et_pb_text _builder_version=\u00bb4.21.0&#8243; _module_preset=\u00bbdefault\u00bb hover_enabled=\u00bb0&#8243; global_colors_info=\u00bb{}\u00bb sticky_enabled=\u00bb0&#8243;]<\/p>\n<p>Anaitasuna Ikastola es una escuela p\u00fablica de Educaci\u00f3n Infantil y Primaria en modelo D que re\u00fane a alumnos y alumnas de diferentes barrios de Ermua.<\/p>\n<p>Tiene las siguientes caracter\u00edsticas:<\/p>\n<ul>\n<li aria-level=\"1\">Somos una <strong>ikastola p\u00fablica<\/strong>, al servicio del pueblo y arraigada en su entorno.<\/li>\n<li aria-level=\"1\"><strong>Euskaldun:<\/strong> Siendo el euskara nuestro idioma educativo y vehicular fundamental, ofrecemos a nuestro alumnado una educaci\u00f3n triling\u00fce que les permita desenvolverse con soltura en los tres idiomas que se trabajan en la ikastola: euskara, castellano e ingl\u00e9s<\/li>\n<li><strong>Plural:<\/strong> queremos construir una escuela para todos y todas, ofreciendo las mismas oportunidades y teniendo en cuenta los diferentes or\u00edgenes, valorando positivamente las diferentes diversidades (sociales, culturales, religiosas\u2026) e intentando comprender\u00a0 la realidad que nos rodea.<\/li>\n<li><strong>Integrador de la diversidad:<\/strong> Buscamos impulsar la superaci\u00f3n de todas las desigualdades que todav\u00eda se dan en nuestra sociedad intentando fomentar y desarrollar el pensamiento cr\u00edtico y constructivo en el alumnado, ofreci\u00e9ndole las herramientas adecuadas para contribuir a la construcci\u00f3n de una sociedad m\u00e1s igualitaria y comprometida.<br \/>Nuestro reto es impulsar en el alumnado el trabajo en grupo\u00a0 y la coeducaci\u00f3n tanto en la calle como en la escuela, dejando de lado las actitudes individualistas y competitivas.<\/li>\n<\/ul>\n<p>[\/et_pb_text][\/et_pb_column][et_pb_column type=\u00bb2_5&#8243; _builder_version=\u00bb4.21.0&#8243; _module_preset=\u00bbdefault\u00bb global_colors_info=\u00bb{}\u00bb][et_pb_image src=\u00bbhttps:\/\/anaitasunaikastola.eus\/wp-content\/uploads\/2023\/06\/Anaitasuna_Ikastola.jpg\u00bb alt=\u00bbAnaitasuna Ikastola\u00bb title_text=\u00bbAnaitasuna Ikastola\u00bb _builder_version=\u00bb4.21.0&#8243; _module_preset=\u00bbdefault\u00bb border_radii=\u00bbon|4px|4px|4px|4px\u00bb border_width_all=\u00bb1px\u00bb border_color_all=\u00bbrgba(0,74,127,0.6)\u00bb global_colors_info=\u00bb{}\u00bb][\/et_pb_image][\/et_pb_column][\/et_pb_row][et_pb_row column_structure=\u00bb3_5,1_5,1_5&#8243; _builder_version=\u00bb4.21.0&#8243; _module_preset=\u00bbdefault\u00bb background_enable_image=\u00bboff\u00bb background_size=\u00bbcontain\u00bb global_colors_info=\u00bb{}\u00bb][et_pb_column type=\u00bb3_5&#8243; _builder_version=\u00bb4.21.0&#8243; _module_preset=\u00bbdefault\u00bb global_colors_info=\u00bb{}\u00bb][\/et_pb_column][et_pb_column type=\u00bb1_5&#8243; _builder_version=\u00bb4.21.0&#8243; _module_preset=\u00bbdefault\u00bb global_colors_info=\u00bb{}\u00bb][et_pb_image src=\u00bbhttps:\/\/anaitasunaikastola.eus\/wp-content\/uploads\/2023\/06\/BOROBIL_11.png\u00bb alt=\u00bbborobil ikur urdin iluna\u00bb title_text=\u00bbborobil ikur urdin iluna\u00bb _builder_version=\u00bb4.21.0&#8243; _module_preset=\u00bbdefault\u00bb global_colors_info=\u00bb{}\u00bb][\/et_pb_image][\/et_pb_column][et_pb_column type=\u00bb1_5&#8243; _builder_version=\u00bb4.21.0&#8243; _module_preset=\u00bbdefault\u00bb global_colors_info=\u00bb{}\u00bb][et_pb_image src=\u00bbhttps:\/\/anaitasunaikastola.eus\/wp-content\/uploads\/2023\/06\/BOROBIL_8.png\u00bb alt=\u00bbBOROBIL_8&#8243; title_text=\u00bbBOROBIL_8&#8243; align=\u00bbright\u00bb _builder_version=\u00bb4.21.0&#8243; _module_preset=\u00bbdefault\u00bb background_enable_color=\u00bboff\u00bb background_enable_image=\u00bboff\u00bb background_size=\u00bbcontain\u00bb global_colors_info=\u00bb{}\u00bb][\/et_pb_image][\/et_pb_column][\/et_pb_row][\/et_pb_section]<\/p>\n","protected":false},"excerpt":{"rendered":"<p>Anaitasuna Ikastola es una escuela p\u00fablica de Educaci\u00f3n Infantil y Primaria en modelo D que re\u00fane a alumnos y alumnas de diferentes barrios de Ermua. Tiene las siguientes caracter\u00edsticas: Somos una ikastola p\u00fablica, al servicio del pueblo y arraigada en su entorno. Euskaldun: Siendo el euskara nuestro idioma educativo y vehicular fundamental, ofrecemos a nuestro [&hellip;]<\/p>\n","protected":false},"author":1,"featured_media":1323,"parent":2218,"menu_order":0,"comment_status":"closed","ping_status":"closed","template":"page-template-fullwidth.php","meta":{"_et_pb_use_builder":"on","_et_pb_old_content":"<p>[et_pb_section fb_built=\"1\" _builder_version=\"4.21.0\" _module_preset=\"default\" background_color=\"RGBA(255,255,255,0)\" background_image=\"https:\/\/anaitasunaikastola.eus\/wp-content\/uploads\/2023\/06\/BOROBIL_1.png\" background_size=\"custom\" background_image_width=\"78%\" background_position=\"top_left\" global_colors_info=\"{}\"][et_pb_row column_structure=\"3_5,2_5\" _builder_version=\"4.21.0\" _module_preset=\"default\" background_enable_image=\"off\" background_size=\"contain\" background_position=\"center_left\" global_colors_info=\"{}\"][et_pb_column type=\"3_5\" _builder_version=\"4.21.0\" _module_preset=\"default\" global_colors_info=\"{}\"][et_pb_text _builder_version=\"4.21.0\" _module_preset=\"default\" global_colors_info=\"{}\"]<\/p><p>Anaitasuna Ikastola Haur eta Lehen Hezkuntzarako eskola publikoa da, D ereduan diharduena, eta Ermuko auzo ezberdinetako ikasleak biltzen dituena.<\/p><p>Honako ezaugarriak ditu:<\/p><ul><li><strong>Ikastola publikoa<\/strong> gara, herriaren zerbitzura eta bere ingurunean errotua.<\/li><li><strong>Euskalduna:<\/strong> Hizkuntza nagusia euskara izanik, pertsona eleanitzak hezi nahi ditugu.<\/li><li><strong>Anitza:<\/strong> guztion eta guztiontzako eskola eraiki nahi dugu, aukera berdinak eskainiz eta jatorri ezberdinak kontuan hartuz, aniztasun ezberdinak (gizarte, kultura, jatorri, erliijo\u2026) positiboki baloratu eta errealitatean murgiltzen saiatzen gara.<\/li><li><strong>Dibertsitatearen integratzailea:<\/strong> desberdintasun sozial zein pertsonalak konpensatzen ahalegintzen gara. Kalean zein eskolan, partaidetza eta hezkidetza bultzatzea da gure erronka, indibidualismoak eta lehiakortasunak alde batera utziz, elkartasuna eta talde lana sustatu nahi ditugu, eta gizartean oraindik ematen diren rol ezberdintasunak gainditzeko, ikasle kritikoak eta eraldatzaileak hezteko asmoa dugu.<\/li><\/ul><p>[\/et_pb_text][\/et_pb_column][et_pb_column type=\"2_5\" _builder_version=\"4.21.0\" _module_preset=\"default\" global_colors_info=\"{}\"][et_pb_image src=\"https:\/\/anaitasunaikastola.eus\/wp-content\/uploads\/2023\/06\/Anaitasuna_Ikastola.jpg\" alt=\"Anaitasuna Ikastola\" title_text=\"Anaitasuna Ikastola\" _builder_version=\"4.21.0\" _module_preset=\"default\" border_radii=\"on|4px|4px|4px|4px\" border_width_all=\"1px\" border_color_all=\"rgba(0,74,127,0.6)\" global_colors_info=\"{}\"][\/et_pb_image][\/et_pb_column][\/et_pb_row][et_pb_row column_structure=\"3_5,1_5,1_5\" _builder_version=\"4.21.0\" _module_preset=\"default\" background_enable_image=\"off\" background_size=\"contain\" global_colors_info=\"{}\"][et_pb_column type=\"3_5\" _builder_version=\"4.21.0\" _module_preset=\"default\" global_colors_info=\"{}\"][\/et_pb_column][et_pb_column type=\"1_5\" _builder_version=\"4.21.0\" _module_preset=\"default\" global_colors_info=\"{}\"][et_pb_image src=\"https:\/\/anaitasunaikastola.eus\/wp-content\/uploads\/2023\/06\/BOROBIL_11.png\" alt=\"borobil ikur urdin iluna\" title_text=\"borobil ikur urdin iluna\" _builder_version=\"4.21.0\" _module_preset=\"default\" global_colors_info=\"{}\"][\/et_pb_image][\/et_pb_column][et_pb_column type=\"1_5\" _builder_version=\"4.21.0\" _module_preset=\"default\" global_colors_info=\"{}\"][et_pb_image src=\"https:\/\/anaitasunaikastola.eus\/wp-content\/uploads\/2023\/06\/BOROBIL_8.png\" alt=\"BOROBIL_8\" title_text=\"BOROBIL_8\" align=\"right\" _builder_version=\"4.21.0\" _module_preset=\"default\" background_enable_color=\"off\" background_size=\"contain\" hover_enabled=\"0\" global_colors_info=\"{}\" background_enable_image=\"off\" sticky_enabled=\"0\"][\/et_pb_image][\/et_pb_column][\/et_pb_row][\/et_pb_section]<\/p>","_et_gb_content_width":"","footnotes":""},"class_list":["post-1410","page","type-page","status-publish","has-post-thumbnail","hentry"],"yoast_head":"<!-- This site is optimized with the Yoast SEO plugin v27.3 - https:\/\/yoast.com\/product\/yoast-seo-wordpress\/ -->\n<title>Nuestra escuela - Anaitasuna Ikastola<\/title>\n<meta name=\"robots\" content=\"index, follow, max-snippet:-1, max-image-preview:large, max-video-preview:-1\" \/>\n<link rel=\"canonical\" href=\"https:\/\/anaitasunaikastola.eus\/es\/ikastetxea\/nuestra-escuela\/\" \/>\n<meta property=\"og:locale\" content=\"es_ES\" \/>\n<meta property=\"og:type\" content=\"article\" \/>\n<meta property=\"og:title\" content=\"Nuestra escuela - Anaitasuna Ikastola\" \/>\n<meta property=\"og:description\" content=\"Anaitasuna Ikastola es una escuela p\u00fablica de Educaci\u00f3n Infantil y Primaria en modelo D que re\u00fane a alumnos y alumnas de diferentes barrios de Ermua. Tiene las siguientes caracter\u00edsticas: Somos una ikastola p\u00fablica, al servicio del pueblo y arraigada en su entorno. Euskaldun: Siendo el euskara nuestro idioma educativo y vehicular fundamental, ofrecemos a nuestro [&hellip;]\" \/>\n<meta property=\"og:url\" content=\"https:\/\/anaitasunaikastola.eus\/es\/ikastetxea\/nuestra-escuela\/\" \/>\n<meta property=\"og:site_name\" content=\"Anaitasuna Ikastola\" \/>\n<meta property=\"article:modified_time\" content=\"2023-06-22T15:32:41+00:00\" \/>\n<meta property=\"og:image\" content=\"https:\/\/anaitasunaikastola.eus\/wp-content\/uploads\/2023\/06\/goi-fondoa.png\" \/>\n\t<meta property=\"og:image:width\" content=\"2030\" \/>\n\t<meta property=\"og:image:height\" content=\"90\" \/>\n\t<meta property=\"og:image:type\" content=\"image\/png\" \/>\n<meta name=\"twitter:card\" content=\"summary_large_image\" \/>\n<meta name=\"twitter:label1\" content=\"Tiempo de lectura\" \/>\n\t<meta name=\"twitter:data1\" content=\"2 minutos\" \/>\n<script type=\"application\/ld+json\" class=\"yoast-schema-graph\">{\"@context\":\"https:\\\/\\\/schema.org\",\"@graph\":[{\"@type\":\"WebPage\",\"@id\":\"https:\\\/\\\/anaitasunaikastola.eus\\\/es\\\/ikastetxea\\\/nuestra-escuela\\\/\",\"url\":\"https:\\\/\\\/anaitasunaikastola.eus\\\/es\\\/ikastetxea\\\/nuestra-escuela\\\/\",\"name\":\"Nuestra escuela - Anaitasuna Ikastola\",\"isPartOf\":{\"@id\":\"https:\\\/\\\/anaitasunaikastola.eus\\\/es\\\/#website\"},\"primaryImageOfPage\":{\"@id\":\"https:\\\/\\\/anaitasunaikastola.eus\\\/es\\\/ikastetxea\\\/nuestra-escuela\\\/#primaryimage\"},\"image\":{\"@id\":\"https:\\\/\\\/anaitasunaikastola.eus\\\/es\\\/ikastetxea\\\/nuestra-escuela\\\/#primaryimage\"},\"thumbnailUrl\":\"https:\\\/\\\/anaitasunaikastola.eus\\\/wp-content\\\/uploads\\\/2023\\\/06\\\/goi-fondoa.png\",\"datePublished\":\"2023-06-19T13:31:42+00:00\",\"dateModified\":\"2023-06-22T15:32:41+00:00\",\"breadcrumb\":{\"@id\":\"https:\\\/\\\/anaitasunaikastola.eus\\\/es\\\/ikastetxea\\\/nuestra-escuela\\\/#breadcrumb\"},\"inLanguage\":\"es\",\"potentialAction\":[{\"@type\":\"ReadAction\",\"target\":[\"https:\\\/\\\/anaitasunaikastola.eus\\\/es\\\/ikastetxea\\\/nuestra-escuela\\\/\"]}]},{\"@type\":\"ImageObject\",\"inLanguage\":\"es\",\"@id\":\"https:\\\/\\\/anaitasunaikastola.eus\\\/es\\\/ikastetxea\\\/nuestra-escuela\\\/#primaryimage\",\"url\":\"https:\\\/\\\/anaitasunaikastola.eus\\\/wp-content\\\/uploads\\\/2023\\\/06\\\/goi-fondoa.png\",\"contentUrl\":\"https:\\\/\\\/anaitasunaikastola.eus\\\/wp-content\\\/uploads\\\/2023\\\/06\\\/goi-fondoa.png\",\"width\":2030,\"height\":90},{\"@type\":\"BreadcrumbList\",\"@id\":\"https:\\\/\\\/anaitasunaikastola.eus\\\/es\\\/ikastetxea\\\/nuestra-escuela\\\/#breadcrumb\",\"itemListElement\":[{\"@type\":\"ListItem\",\"position\":1,\"name\":\"Home\",\"item\":\"https:\\\/\\\/anaitasunaikastola.eus\\\/es\\\/\"},{\"@type\":\"ListItem\",\"position\":2,\"name\":\"Nuestra escuela\"}]},{\"@type\":\"WebSite\",\"@id\":\"https:\\\/\\\/anaitasunaikastola.eus\\\/es\\\/#website\",\"url\":\"https:\\\/\\\/anaitasunaikastola.eus\\\/es\\\/\",\"name\":\"Anaitasuna Ikastola\",\"description\":\"HLH ikastolako webgunea \u00b7 Ermua\",\"potentialAction\":[{\"@type\":\"SearchAction\",\"target\":{\"@type\":\"EntryPoint\",\"urlTemplate\":\"https:\\\/\\\/anaitasunaikastola.eus\\\/es\\\/?s={search_term_string}\"},\"query-input\":{\"@type\":\"PropertyValueSpecification\",\"valueRequired\":true,\"valueName\":\"search_term_string\"}}],\"inLanguage\":\"es\"}]}<\/script>\n<!-- \/ Yoast SEO plugin. -->","yoast_head_json":{"title":"Nuestra escuela - Anaitasuna Ikastola","robots":{"index":"index","follow":"follow","max-snippet":"max-snippet:-1","max-image-preview":"max-image-preview:large","max-video-preview":"max-video-preview:-1"},"canonical":"https:\/\/anaitasunaikastola.eus\/es\/ikastetxea\/nuestra-escuela\/","og_locale":"es_ES","og_type":"article","og_title":"Nuestra escuela - Anaitasuna Ikastola","og_description":"Anaitasuna Ikastola es una escuela p\u00fablica de Educaci\u00f3n Infantil y Primaria en modelo D que re\u00fane a alumnos y alumnas de diferentes barrios de Ermua. Tiene las siguientes caracter\u00edsticas: Somos una ikastola p\u00fablica, al servicio del pueblo y arraigada en su entorno. Euskaldun: Siendo el euskara nuestro idioma educativo y vehicular fundamental, ofrecemos a nuestro [&hellip;]","og_url":"https:\/\/anaitasunaikastola.eus\/es\/ikastetxea\/nuestra-escuela\/","og_site_name":"Anaitasuna Ikastola","article_modified_time":"2023-06-22T15:32:41+00:00","og_image":[{"width":2030,"height":90,"url":"https:\/\/anaitasunaikastola.eus\/wp-content\/uploads\/2023\/06\/goi-fondoa.png","type":"image\/png"}],"twitter_card":"summary_large_image","twitter_misc":{"Tiempo de lectura":"2 minutos"},"schema":{"@context":"https:\/\/schema.org","@graph":[{"@type":"WebPage","@id":"https:\/\/anaitasunaikastola.eus\/es\/ikastetxea\/nuestra-escuela\/","url":"https:\/\/anaitasunaikastola.eus\/es\/ikastetxea\/nuestra-escuela\/","name":"Nuestra escuela - Anaitasuna Ikastola","isPartOf":{"@id":"https:\/\/anaitasunaikastola.eus\/es\/#website"},"primaryImageOfPage":{"@id":"https:\/\/anaitasunaikastola.eus\/es\/ikastetxea\/nuestra-escuela\/#primaryimage"},"image":{"@id":"https:\/\/anaitasunaikastola.eus\/es\/ikastetxea\/nuestra-escuela\/#primaryimage"},"thumbnailUrl":"https:\/\/anaitasunaikastola.eus\/wp-content\/uploads\/2023\/06\/goi-fondoa.png","datePublished":"2023-06-19T13:31:42+00:00","dateModified":"2023-06-22T15:32:41+00:00","breadcrumb":{"@id":"https:\/\/anaitasunaikastola.eus\/es\/ikastetxea\/nuestra-escuela\/#breadcrumb"},"inLanguage":"es","potentialAction":[{"@type":"ReadAction","target":["https:\/\/anaitasunaikastola.eus\/es\/ikastetxea\/nuestra-escuela\/"]}]},{"@type":"ImageObject","inLanguage":"es","@id":"https:\/\/anaitasunaikastola.eus\/es\/ikastetxea\/nuestra-escuela\/#primaryimage","url":"https:\/\/anaitasunaikastola.eus\/wp-content\/uploads\/2023\/06\/goi-fondoa.png","contentUrl":"https:\/\/anaitasunaikastola.eus\/wp-content\/uploads\/2023\/06\/goi-fondoa.png","width":2030,"height":90},{"@type":"BreadcrumbList","@id":"https:\/\/anaitasunaikastola.eus\/es\/ikastetxea\/nuestra-escuela\/#breadcrumb","itemListElement":[{"@type":"ListItem","position":1,"name":"Home","item":"https:\/\/anaitasunaikastola.eus\/es\/"},{"@type":"ListItem","position":2,"name":"Nuestra escuela"}]},{"@type":"WebSite","@id":"https:\/\/anaitasunaikastola.eus\/es\/#website","url":"https:\/\/anaitasunaikastola.eus\/es\/","name":"Anaitasuna Ikastola","description":"HLH ikastolako webgunea \u00b7 Ermua","potentialAction":[{"@type":"SearchAction","target":{"@type":"EntryPoint","urlTemplate":"https:\/\/anaitasunaikastola.eus\/es\/?s={search_term_string}"},"query-input":{"@type":"PropertyValueSpecification","valueRequired":true,"valueName":"search_term_string"}}],"inLanguage":"es"}]}},"_links":{"self":[{"href":"https:\/\/anaitasunaikastola.eus\/es\/wp-json\/wp\/v2\/pages\/1410","targetHints":{"allow":["GET"]}}],"collection":[{"href":"https:\/\/anaitasunaikastola.eus\/es\/wp-json\/wp\/v2\/pages"}],"about":[{"href":"https:\/\/anaitasunaikastola.eus\/es\/wp-json\/wp\/v2\/types\/page"}],"author":[{"embeddable":true,"href":"https:\/\/anaitasunaikastola.eus\/es\/wp-json\/wp\/v2\/users\/1"}],"replies":[{"embeddable":true,"href":"https:\/\/anaitasunaikastola.eus\/es\/wp-json\/wp\/v2\/comments?post=1410"}],"version-history":[{"count":5,"href":"https:\/\/anaitasunaikastola.eus\/es\/wp-json\/wp\/v2\/pages\/1410\/revisions"}],"predecessor-version":[{"id":1417,"href":"https:\/\/anaitasunaikastola.eus\/es\/wp-json\/wp\/v2\/pages\/1410\/revisions\/1417"}],"up":[{"embeddable":true,"href":"https:\/\/anaitasunaikastola.eus\/es\/wp-json\/wp\/v2\/pages\/2218"}],"wp:featuredmedia":[{"embeddable":true,"href":"https:\/\/anaitasunaikastola.eus\/es\/wp-json\/wp\/v2\/media\/1323"}],"wp:attachment":[{"href":"https:\/\/anaitasunaikastola.eus\/es\/wp-json\/wp\/v2\/media?parent=1410"}],"curies":[{"name":"wp","href":"https:\/\/api.w.org\/{rel}","templated":true}]}}