{"id":1548,"date":"2023-06-20T09:52:04","date_gmt":"2023-06-20T07:52:04","guid":{"rendered":"https:\/\/anaitasunaikastola.eus\/?page_id=1548"},"modified":"2023-09-06T14:16:39","modified_gmt":"2023-09-06T12:16:39","slug":"de-donde-venimos","status":"publish","type":"page","link":"https:\/\/anaitasunaikastola.eus\/es\/ikastetxea\/de-donde-venimos\/","title":{"rendered":"De d\u00f3nde venimos"},"content":{"rendered":"<p>[et_pb_section fb_built=\u00bb1&#8243; _builder_version=\u00bb4.21.0&#8243; _module_preset=\u00bbdefault\u00bb background_color=\u00bbRGBA(255,255,255,0)\u00bb background_image=\u00bbhttps:\/\/anaitasunaikastola.eus\/wp-content\/uploads\/2023\/06\/BOROBIL_1.png\u00bb background_size=\u00bbcustom\u00bb background_image_width=\u00bb78%\u00bb background_position=\u00bbtop_left\u00bb global_colors_info=\u00bb{}\u00bb][et_pb_row column_structure=\u00bb3_5,2_5&#8243; _builder_version=\u00bb4.21.0&#8243; _module_preset=\u00bbdefault\u00bb background_enable_image=\u00bboff\u00bb background_size=\u00bbcontain\u00bb background_position=\u00bbcenter_left\u00bb global_colors_info=\u00bb{}\u00bb][et_pb_column type=\u00bb3_5&#8243; _builder_version=\u00bb4.21.0&#8243; _module_preset=\u00bbdefault\u00bb global_colors_info=\u00bb{}\u00bb][et_pb_text _builder_version=\u00bb4.21.0&#8243; _module_preset=\u00bbdefault\u00bb global_colors_info=\u00bb{}\u00bb]<\/p>\n<p>Los inicios de la <strong>Ikastola Anaitasuna<\/strong> se remontan al a\u00f1o 1968, fecha en la que un grupo de gente comprometida en la preservaci\u00f3n y desarrollo tanto del euskara como de la cultura vasca, puso los primeros cimientos de lo que en a\u00f1os sucesivos conformar\u00eda la Cooperativa de padres y madres de la Ikastola Anaitasuna.<\/p>\n<p>En este largo devenir, la Ikastola Anaitasuna ha tenido que afrontar muchos retos y superar muchos obst\u00e1culos como la falta de una ubicaci\u00f3n estable, debido a que no dispon\u00eda de un edificio propio. Hasta que en 1996 el ayuntamiento le ofreci\u00f3 la posibilidad de ocupar el edificio p\u00fablico en que se ubica hoy en d\u00eda, situado en el barrio de Ongarai. Anterior a esta fecha, la instalaciones de la Ikastola Anaitasuna cambiaron varias veces de ubicaci\u00f3n: comenzando por la casa grande de la plaza, y las casas de Salaberria y Balerio; siguiendo en los locales parroquiales, y en los de los barrios de San Ignacio, la Cantera y Santa Ana, hasta terminar en el edificio p\u00fablico que ocupa actualmente.<\/p>\n<p>Comenz\u00f3 su andadura con el nombre de <strong>Umea ikastola<\/strong>. Posteriormente se constituy\u00f3 en cooperativa con el nombre de <strong>Anaitasuna Ikastola<\/strong>. Funcion\u00f3 como cooperativa de ense\u00f1anza hasta 1993, fecha en la que se tom\u00f3 la decisi\u00f3n de integrarse en la red de ense\u00f1anza p\u00fablica.<\/p>\n<p>Tanto en su andadura privada como p\u00fablica, la Ikastola Anaitasuna se ha mantenido fiel a la finalidad con la que la crearon sus fundadores: <strong>fortalecer el euskara y la cultura vasca y contribuir a su desarrollo.<\/strong><\/p>\n<p>[\/et_pb_text][\/et_pb_column][et_pb_column type=\u00bb2_5&#8243; _builder_version=\u00bb4.21.0&#8243; _module_preset=\u00bbdefault\u00bb global_colors_info=\u00bb{}\u00bb][et_pb_image src=\u00bbhttps:\/\/anaitasunaikastola.eus\/wp-content\/uploads\/2023\/06\/Anaitasuna_Ikastola.jpg\u00bb alt=\u00bbAnaitasuna Ikastola\u00bb title_text=\u00bbAnaitasuna Ikastola\u00bb _builder_version=\u00bb4.21.0&#8243; _module_preset=\u00bbdefault\u00bb border_radii=\u00bbon|4px|4px|4px|4px\u00bb border_width_all=\u00bb1px\u00bb border_color_all=\u00bbrgba(0,74,127,0.6)\u00bb global_colors_info=\u00bb{}\u00bb][\/et_pb_image][\/et_pb_column][\/et_pb_row][et_pb_row column_structure=\u00bb3_5,1_5,1_5&#8243; _builder_version=\u00bb4.21.0&#8243; _module_preset=\u00bbdefault\u00bb background_enable_image=\u00bboff\u00bb background_size=\u00bbcontain\u00bb global_colors_info=\u00bb{}\u00bb][et_pb_column type=\u00bb3_5&#8243; _builder_version=\u00bb4.21.0&#8243; _module_preset=\u00bbdefault\u00bb global_colors_info=\u00bb{}\u00bb][\/et_pb_column][et_pb_column type=\u00bb1_5&#8243; _builder_version=\u00bb4.21.0&#8243; _module_preset=\u00bbdefault\u00bb global_colors_info=\u00bb{}\u00bb][et_pb_image src=\u00bbhttps:\/\/anaitasunaikastola.eus\/wp-content\/uploads\/2023\/06\/BOROBIL_11.png\u00bb alt=\u00bbborobil ikur urdin iluna\u00bb title_text=\u00bbborobil ikur urdin iluna\u00bb _builder_version=\u00bb4.21.0&#8243; _module_preset=\u00bbdefault\u00bb global_colors_info=\u00bb{}\u00bb][\/et_pb_image][\/et_pb_column][et_pb_column type=\u00bb1_5&#8243; _builder_version=\u00bb4.21.0&#8243; _module_preset=\u00bbdefault\u00bb global_colors_info=\u00bb{}\u00bb][et_pb_image src=\u00bbhttps:\/\/anaitasunaikastola.eus\/wp-content\/uploads\/2023\/06\/BOROBIL_8.png\u00bb alt=\u00bbBOROBIL_8&#8243; title_text=\u00bbBOROBIL_8&#8243; align=\u00bbright\u00bb _builder_version=\u00bb4.21.0&#8243; _module_preset=\u00bbdefault\u00bb background_enable_color=\u00bboff\u00bb background_enable_image=\u00bboff\u00bb background_size=\u00bbcontain\u00bb global_colors_info=\u00bb{}\u00bb][\/et_pb_image][\/et_pb_column][\/et_pb_row][\/et_pb_section]<\/p>\n","protected":false},"excerpt":{"rendered":"<p>Los inicios de la Ikastola Anaitasuna se remontan al a\u00f1o 1968, fecha en la que un grupo de gente comprometida en la preservaci\u00f3n y desarrollo tanto del euskara como de la cultura vasca, puso los primeros cimientos de lo que en a\u00f1os sucesivos conformar\u00eda la Cooperativa de padres y madres de la Ikastola Anaitasuna. En [&hellip;]<\/p>\n","protected":false},"author":1,"featured_media":1323,"parent":2218,"menu_order":0,"comment_status":"closed","ping_status":"closed","template":"page-template-fullwidth.php","meta":{"_et_pb_use_builder":"on","_et_pb_old_content":"<p>[et_pb_section fb_built=\"1\" _builder_version=\"4.21.0\" _module_preset=\"default\" background_color=\"RGBA(255,255,255,0)\" background_image=\"https:\/\/anaitasunaikastola.eus\/wp-content\/uploads\/2023\/06\/BOROBIL_1.png\" background_size=\"custom\" background_image_width=\"78%\" background_position=\"top_left\" global_colors_info=\"{}\"][et_pb_row column_structure=\"3_5,2_5\" _builder_version=\"4.21.0\" _module_preset=\"default\" background_enable_image=\"off\" background_size=\"contain\" background_position=\"center_left\" global_colors_info=\"{}\"][et_pb_column type=\"3_5\" _builder_version=\"4.21.0\" _module_preset=\"default\" global_colors_info=\"{}\"][et_pb_text _builder_version=\"4.21.0\" _module_preset=\"default\" hover_enabled=\"0\" global_colors_info=\"{}\" sticky_enabled=\"0\"]<\/p><p>1968an, ermuko euskalzale talde batek arazo eta traba ugari gainditu ondoren <strong>Anaitasuna Ikastola<\/strong> <em>txalupa<\/em> uretaratu zuten. Ibilbide luze honetan txalupa honek hainbat ekaitz saihestu behar izan ditu, besteak beste, urteetan zehar eraikin ezberdinetan kokatuta eta sakabanatuta izatea, 1996. urtera arte. Urte honetan Anaitasuna Ikastola, gaur egun Ongarai auzoan dagoen eraikin publikoan kokatu zen. Aurretik, hainbat tokitan sakabanatuta izan zituen ikasle eta irakasleak, hala nola, plazako etxe handian, Salaberria etxean, Balerion, elizako lokaletan, San Inazion, Kanteran, Santa Anan eta azkenik Ongarain.<\/p><p>Hasieran <em><strong>Umea Ikastola<\/strong><\/em> izena jarri zioten, eta ondoren kooperatiba eraiki zutenean <em><strong>Anaitasuna Ikastola<\/strong><\/em> izena jarri zioten. Kooperatiba bezala funtzionatu zuen 1993. urtera arte. Urte honetan sare publikora pasatzeko erabakia hartu zen.<\/p><p>Urte guzti hauetan gure ikastetxeak tinko eutsi dio bere sorrera-helburuari: Ermuan <strong>euskara eta euskal kultura zabaltzea eta indartzea.<\/strong><\/p><p>[\/et_pb_text][\/et_pb_column][et_pb_column type=\"2_5\" _builder_version=\"4.21.0\" _module_preset=\"default\" global_colors_info=\"{}\"][et_pb_image src=\"https:\/\/anaitasunaikastola.eus\/wp-content\/uploads\/2023\/06\/Anaitasuna_Ikastola.jpg\" alt=\"Anaitasuna Ikastola\" title_text=\"Anaitasuna Ikastola\" _builder_version=\"4.21.0\" _module_preset=\"default\" border_radii=\"on|4px|4px|4px|4px\" border_width_all=\"1px\" border_color_all=\"rgba(0,74,127,0.6)\" global_colors_info=\"{}\"][\/et_pb_image][\/et_pb_column][\/et_pb_row][et_pb_row column_structure=\"3_5,1_5,1_5\" _builder_version=\"4.21.0\" _module_preset=\"default\" background_enable_image=\"off\" background_size=\"contain\" global_colors_info=\"{}\"][et_pb_column type=\"3_5\" _builder_version=\"4.21.0\" _module_preset=\"default\" global_colors_info=\"{}\"][\/et_pb_column][et_pb_column type=\"1_5\" _builder_version=\"4.21.0\" _module_preset=\"default\" global_colors_info=\"{}\"][et_pb_image src=\"https:\/\/anaitasunaikastola.eus\/wp-content\/uploads\/2023\/06\/BOROBIL_11.png\" alt=\"borobil ikur urdin iluna\" title_text=\"borobil ikur urdin iluna\" _builder_version=\"4.21.0\" _module_preset=\"default\" global_colors_info=\"{}\"][\/et_pb_image][\/et_pb_column][et_pb_column type=\"1_5\" _builder_version=\"4.21.0\" _module_preset=\"default\" global_colors_info=\"{}\"][et_pb_image src=\"https:\/\/anaitasunaikastola.eus\/wp-content\/uploads\/2023\/06\/BOROBIL_8.png\" alt=\"BOROBIL_8\" title_text=\"BOROBIL_8\" align=\"right\" _builder_version=\"4.21.0\" _module_preset=\"default\" background_enable_color=\"off\" background_enable_image=\"off\" background_size=\"contain\" global_colors_info=\"{}\"][\/et_pb_image][\/et_pb_column][\/et_pb_row][\/et_pb_section]<\/p>","_et_gb_content_width":"","footnotes":""},"class_list":["post-1548","page","type-page","status-publish","has-post-thumbnail","hentry"],"yoast_head":"<!-- This site is optimized with the Yoast SEO plugin v27.3 - https:\/\/yoast.com\/product\/yoast-seo-wordpress\/ -->\n<title>De d\u00f3nde venimos - Anaitasuna Ikastola<\/title>\n<meta name=\"robots\" content=\"index, follow, max-snippet:-1, max-image-preview:large, max-video-preview:-1\" \/>\n<link rel=\"canonical\" href=\"https:\/\/anaitasunaikastola.eus\/es\/ikastetxea\/de-donde-venimos\/\" \/>\n<meta property=\"og:locale\" content=\"es_ES\" \/>\n<meta property=\"og:type\" content=\"article\" \/>\n<meta property=\"og:title\" content=\"De d\u00f3nde venimos - Anaitasuna Ikastola\" \/>\n<meta property=\"og:description\" content=\"Los inicios de la Ikastola Anaitasuna se remontan al a\u00f1o 1968, fecha en la que un grupo de gente comprometida en la preservaci\u00f3n y desarrollo tanto del euskara como de la cultura vasca, puso los primeros cimientos de lo que en a\u00f1os sucesivos conformar\u00eda la Cooperativa de padres y madres de la Ikastola Anaitasuna. En [&hellip;]\" \/>\n<meta property=\"og:url\" content=\"https:\/\/anaitasunaikastola.eus\/es\/ikastetxea\/de-donde-venimos\/\" \/>\n<meta property=\"og:site_name\" content=\"Anaitasuna Ikastola\" \/>\n<meta property=\"article:modified_time\" content=\"2023-09-06T12:16:39+00:00\" \/>\n<meta property=\"og:image\" content=\"https:\/\/anaitasunaikastola.eus\/wp-content\/uploads\/2023\/06\/goi-fondoa.png\" \/>\n\t<meta property=\"og:image:width\" content=\"2030\" \/>\n\t<meta property=\"og:image:height\" content=\"90\" \/>\n\t<meta property=\"og:image:type\" content=\"image\/png\" \/>\n<meta name=\"twitter:card\" content=\"summary_large_image\" \/>\n<meta name=\"twitter:label1\" content=\"Tiempo de lectura\" \/>\n\t<meta name=\"twitter:data1\" content=\"2 minutos\" \/>\n<script type=\"application\/ld+json\" class=\"yoast-schema-graph\">{\"@context\":\"https:\\\/\\\/schema.org\",\"@graph\":[{\"@type\":\"WebPage\",\"@id\":\"https:\\\/\\\/anaitasunaikastola.eus\\\/es\\\/ikastetxea\\\/de-donde-venimos\\\/\",\"url\":\"https:\\\/\\\/anaitasunaikastola.eus\\\/es\\\/ikastetxea\\\/de-donde-venimos\\\/\",\"name\":\"De d\u00f3nde venimos - Anaitasuna Ikastola\",\"isPartOf\":{\"@id\":\"https:\\\/\\\/anaitasunaikastola.eus\\\/es\\\/#website\"},\"primaryImageOfPage\":{\"@id\":\"https:\\\/\\\/anaitasunaikastola.eus\\\/es\\\/ikastetxea\\\/de-donde-venimos\\\/#primaryimage\"},\"image\":{\"@id\":\"https:\\\/\\\/anaitasunaikastola.eus\\\/es\\\/ikastetxea\\\/de-donde-venimos\\\/#primaryimage\"},\"thumbnailUrl\":\"https:\\\/\\\/anaitasunaikastola.eus\\\/wp-content\\\/uploads\\\/2023\\\/06\\\/goi-fondoa.png\",\"datePublished\":\"2023-06-20T07:52:04+00:00\",\"dateModified\":\"2023-09-06T12:16:39+00:00\",\"breadcrumb\":{\"@id\":\"https:\\\/\\\/anaitasunaikastola.eus\\\/es\\\/ikastetxea\\\/de-donde-venimos\\\/#breadcrumb\"},\"inLanguage\":\"es\",\"potentialAction\":[{\"@type\":\"ReadAction\",\"target\":[\"https:\\\/\\\/anaitasunaikastola.eus\\\/es\\\/ikastetxea\\\/de-donde-venimos\\\/\"]}]},{\"@type\":\"ImageObject\",\"inLanguage\":\"es\",\"@id\":\"https:\\\/\\\/anaitasunaikastola.eus\\\/es\\\/ikastetxea\\\/de-donde-venimos\\\/#primaryimage\",\"url\":\"https:\\\/\\\/anaitasunaikastola.eus\\\/wp-content\\\/uploads\\\/2023\\\/06\\\/goi-fondoa.png\",\"contentUrl\":\"https:\\\/\\\/anaitasunaikastola.eus\\\/wp-content\\\/uploads\\\/2023\\\/06\\\/goi-fondoa.png\",\"width\":2030,\"height\":90},{\"@type\":\"BreadcrumbList\",\"@id\":\"https:\\\/\\\/anaitasunaikastola.eus\\\/es\\\/ikastetxea\\\/de-donde-venimos\\\/#breadcrumb\",\"itemListElement\":[{\"@type\":\"ListItem\",\"position\":1,\"name\":\"Home\",\"item\":\"https:\\\/\\\/anaitasunaikastola.eus\\\/es\\\/\"},{\"@type\":\"ListItem\",\"position\":2,\"name\":\"IKASTETXEA\",\"item\":\"https:\\\/\\\/anaitasunaikastola.eus\\\/es\\\/ikastetxea\\\/\"},{\"@type\":\"ListItem\",\"position\":3,\"name\":\"De d\u00f3nde venimos\"}]},{\"@type\":\"WebSite\",\"@id\":\"https:\\\/\\\/anaitasunaikastola.eus\\\/es\\\/#website\",\"url\":\"https:\\\/\\\/anaitasunaikastola.eus\\\/es\\\/\",\"name\":\"Anaitasuna Ikastola\",\"description\":\"HLH ikastolako webgunea \u00b7 Ermua\",\"potentialAction\":[{\"@type\":\"SearchAction\",\"target\":{\"@type\":\"EntryPoint\",\"urlTemplate\":\"https:\\\/\\\/anaitasunaikastola.eus\\\/es\\\/?s={search_term_string}\"},\"query-input\":{\"@type\":\"PropertyValueSpecification\",\"valueRequired\":true,\"valueName\":\"search_term_string\"}}],\"inLanguage\":\"es\"}]}<\/script>\n<!-- \/ Yoast SEO plugin. -->","yoast_head_json":{"title":"De d\u00f3nde venimos - Anaitasuna Ikastola","robots":{"index":"index","follow":"follow","max-snippet":"max-snippet:-1","max-image-preview":"max-image-preview:large","max-video-preview":"max-video-preview:-1"},"canonical":"https:\/\/anaitasunaikastola.eus\/es\/ikastetxea\/de-donde-venimos\/","og_locale":"es_ES","og_type":"article","og_title":"De d\u00f3nde venimos - Anaitasuna Ikastola","og_description":"Los inicios de la Ikastola Anaitasuna se remontan al a\u00f1o 1968, fecha en la que un grupo de gente comprometida en la preservaci\u00f3n y desarrollo tanto del euskara como de la cultura vasca, puso los primeros cimientos de lo que en a\u00f1os sucesivos conformar\u00eda la Cooperativa de padres y madres de la Ikastola Anaitasuna. En [&hellip;]","og_url":"https:\/\/anaitasunaikastola.eus\/es\/ikastetxea\/de-donde-venimos\/","og_site_name":"Anaitasuna Ikastola","article_modified_time":"2023-09-06T12:16:39+00:00","og_image":[{"width":2030,"height":90,"url":"https:\/\/anaitasunaikastola.eus\/wp-content\/uploads\/2023\/06\/goi-fondoa.png","type":"image\/png"}],"twitter_card":"summary_large_image","twitter_misc":{"Tiempo de lectura":"2 minutos"},"schema":{"@context":"https:\/\/schema.org","@graph":[{"@type":"WebPage","@id":"https:\/\/anaitasunaikastola.eus\/es\/ikastetxea\/de-donde-venimos\/","url":"https:\/\/anaitasunaikastola.eus\/es\/ikastetxea\/de-donde-venimos\/","name":"De d\u00f3nde venimos - Anaitasuna Ikastola","isPartOf":{"@id":"https:\/\/anaitasunaikastola.eus\/es\/#website"},"primaryImageOfPage":{"@id":"https:\/\/anaitasunaikastola.eus\/es\/ikastetxea\/de-donde-venimos\/#primaryimage"},"image":{"@id":"https:\/\/anaitasunaikastola.eus\/es\/ikastetxea\/de-donde-venimos\/#primaryimage"},"thumbnailUrl":"https:\/\/anaitasunaikastola.eus\/wp-content\/uploads\/2023\/06\/goi-fondoa.png","datePublished":"2023-06-20T07:52:04+00:00","dateModified":"2023-09-06T12:16:39+00:00","breadcrumb":{"@id":"https:\/\/anaitasunaikastola.eus\/es\/ikastetxea\/de-donde-venimos\/#breadcrumb"},"inLanguage":"es","potentialAction":[{"@type":"ReadAction","target":["https:\/\/anaitasunaikastola.eus\/es\/ikastetxea\/de-donde-venimos\/"]}]},{"@type":"ImageObject","inLanguage":"es","@id":"https:\/\/anaitasunaikastola.eus\/es\/ikastetxea\/de-donde-venimos\/#primaryimage","url":"https:\/\/anaitasunaikastola.eus\/wp-content\/uploads\/2023\/06\/goi-fondoa.png","contentUrl":"https:\/\/anaitasunaikastola.eus\/wp-content\/uploads\/2023\/06\/goi-fondoa.png","width":2030,"height":90},{"@type":"BreadcrumbList","@id":"https:\/\/anaitasunaikastola.eus\/es\/ikastetxea\/de-donde-venimos\/#breadcrumb","itemListElement":[{"@type":"ListItem","position":1,"name":"Home","item":"https:\/\/anaitasunaikastola.eus\/es\/"},{"@type":"ListItem","position":2,"name":"IKASTETXEA","item":"https:\/\/anaitasunaikastola.eus\/es\/ikastetxea\/"},{"@type":"ListItem","position":3,"name":"De d\u00f3nde venimos"}]},{"@type":"WebSite","@id":"https:\/\/anaitasunaikastola.eus\/es\/#website","url":"https:\/\/anaitasunaikastola.eus\/es\/","name":"Anaitasuna Ikastola","description":"HLH ikastolako webgunea \u00b7 Ermua","potentialAction":[{"@type":"SearchAction","target":{"@type":"EntryPoint","urlTemplate":"https:\/\/anaitasunaikastola.eus\/es\/?s={search_term_string}"},"query-input":{"@type":"PropertyValueSpecification","valueRequired":true,"valueName":"search_term_string"}}],"inLanguage":"es"}]}},"_links":{"self":[{"href":"https:\/\/anaitasunaikastola.eus\/es\/wp-json\/wp\/v2\/pages\/1548","targetHints":{"allow":["GET"]}}],"collection":[{"href":"https:\/\/anaitasunaikastola.eus\/es\/wp-json\/wp\/v2\/pages"}],"about":[{"href":"https:\/\/anaitasunaikastola.eus\/es\/wp-json\/wp\/v2\/types\/page"}],"author":[{"embeddable":true,"href":"https:\/\/anaitasunaikastola.eus\/es\/wp-json\/wp\/v2\/users\/1"}],"replies":[{"embeddable":true,"href":"https:\/\/anaitasunaikastola.eus\/es\/wp-json\/wp\/v2\/comments?post=1548"}],"version-history":[{"count":7,"href":"https:\/\/anaitasunaikastola.eus\/es\/wp-json\/wp\/v2\/pages\/1548\/revisions"}],"predecessor-version":[{"id":2263,"href":"https:\/\/anaitasunaikastola.eus\/es\/wp-json\/wp\/v2\/pages\/1548\/revisions\/2263"}],"up":[{"embeddable":true,"href":"https:\/\/anaitasunaikastola.eus\/es\/wp-json\/wp\/v2\/pages\/2218"}],"wp:featuredmedia":[{"embeddable":true,"href":"https:\/\/anaitasunaikastola.eus\/es\/wp-json\/wp\/v2\/media\/1323"}],"wp:attachment":[{"href":"https:\/\/anaitasunaikastola.eus\/es\/wp-json\/wp\/v2\/media?parent=1548"}],"curies":[{"name":"wp","href":"https:\/\/api.w.org\/{rel}","templated":true}]}}