{"id":1556,"date":"2023-06-20T10:01:36","date_gmt":"2023-06-20T08:01:36","guid":{"rendered":"https:\/\/anaitasunaikastola.eus\/?page_id=1556"},"modified":"2025-07-30T13:00:05","modified_gmt":"2025-07-30T11:00:05","slug":"horario-y-calendario","status":"publish","type":"page","link":"https:\/\/anaitasunaikastola.eus\/es\/ikastetxea\/horario-y-calendario\/","title":{"rendered":"Horario y calendario"},"content":{"rendered":"<p>[et_pb_section fb_built=\u00bb1&#8243; _builder_version=\u00bb4.21.0&#8243; _module_preset=\u00bbdefault\u00bb background_image=\u00bbhttps:\/\/anaitasunaikastola.eus\/wp-content\/uploads\/2023\/06\/BOROBIL_1.png\u00bb background_size=\u00bbcontain\u00bb background_position=\u00bbtop_left\u00bb global_colors_info=\u00bb{}\u00bb][et_pb_row column_structure=\u00bb1_2,1_2&#8243; _builder_version=\u00bb4.21.0&#8243; _module_preset=\u00bbdefault\u00bb global_colors_info=\u00bb{}\u00bb][et_pb_column type=\u00bb1_2&#8243; _builder_version=\u00bb4.21.0&#8243; _module_preset=\u00bbdefault\u00bb global_colors_info=\u00bb{}\u00bb][et_pb_image src=\u00bbhttps:\/\/anaitasunaikastola.eus\/wp-content\/uploads\/2025\/07\/EGUTEGIA-2025-26.png\u00bb alt=\u00bbEGUTEGIA-2025-26&#8243; title_text=\u00bbEGUTEGIA-2025-26&#8243; url=\u00bbhttps:\/\/anaitasunaikastola.eus\/wp-content\/uploads\/2025\/07\/Egutegia-25-26.pdf\u00bb url_new_window=\u00bbon\u00bb _builder_version=\u00bb4.27.4&#8243; _module_preset=\u00bbdefault\u00bb hover_enabled=\u00bb0&#8243; border_radii=\u00bbon|1px|1px|1px|1px\u00bb border_width_all=\u00bb1px\u00bb border_color_all=\u00bb#b7e3fc\u00bb global_colors_info=\u00bb{}\u00bb sticky_enabled=\u00bb0&#8243;][\/et_pb_image][\/et_pb_column][et_pb_column type=\u00bb1_2&#8243; _builder_version=\u00bb4.21.0&#8243; _module_preset=\u00bbdefault\u00bb global_colors_info=\u00bb{}\u00bb][et_pb_cta module_class=\u00bbmarkoa\u00bb _builder_version=\u00bb4.21.0&#8243; header_font=\u00bb|||on|||||\u00bb header_text_color=\u00bb#ffffff\u00bb header_font_size=\u00bb28px\u00bb background_color=\u00bbrgba(2,74,131,0.7)\u00bb z_index_tablet=\u00bb500&#8243; header_text_shadow_horizontal_length_tablet=\u00bb0px\u00bb header_text_shadow_vertical_length_tablet=\u00bb0px\u00bb header_text_shadow_blur_strength_tablet=\u00bb1px\u00bb body_text_shadow_horizontal_length_tablet=\u00bb0px\u00bb body_text_shadow_vertical_length_tablet=\u00bb0px\u00bb body_text_shadow_blur_strength_tablet=\u00bb1px\u00bb body_link_text_shadow_horizontal_length_tablet=\u00bb0px\u00bb body_link_text_shadow_vertical_length_tablet=\u00bb0px\u00bb body_link_text_shadow_blur_strength_tablet=\u00bb1px\u00bb body_ul_text_shadow_horizontal_length_tablet=\u00bb0px\u00bb body_ul_text_shadow_vertical_length_tablet=\u00bb0px\u00bb body_ul_text_shadow_blur_strength_tablet=\u00bb1px\u00bb body_ol_text_shadow_horizontal_length_tablet=\u00bb0px\u00bb body_ol_text_shadow_vertical_length_tablet=\u00bb0px\u00bb body_ol_text_shadow_blur_strength_tablet=\u00bb1px\u00bb body_quote_text_shadow_horizontal_length_tablet=\u00bb0px\u00bb body_quote_text_shadow_vertical_length_tablet=\u00bb0px\u00bb body_quote_text_shadow_blur_strength_tablet=\u00bb1px\u00bb border_radii=\u00bb|25px|0px|25px|0px\u00bb border_width_all=\u00bb1px\u00bb border_color_all=\u00bb#5094cc\u00bb button_text_shadow_horizontal_length_tablet=\u00bb0px\u00bb button_text_shadow_vertical_length_tablet=\u00bb0px\u00bb button_text_shadow_blur_strength_tablet=\u00bb1px\u00bb box_shadow_horizontal_tablet=\u00bb0px\u00bb box_shadow_vertical_tablet=\u00bb0px\u00bb box_shadow_blur_tablet=\u00bb40px\u00bb box_shadow_spread_tablet=\u00bb0px\u00bb box_shadow_horizontal_button_tablet=\u00bb0px\u00bb box_shadow_vertical_button_tablet=\u00bb0px\u00bb box_shadow_blur_button_tablet=\u00bb40px\u00bb box_shadow_spread_button_tablet=\u00bb0px\u00bb text_shadow_horizontal_length_tablet=\u00bb0px\u00bb text_shadow_vertical_length_tablet=\u00bb0px\u00bb text_shadow_blur_strength_tablet=\u00bb1px\u00bb locked=\u00bboff\u00bb global_colors_info=\u00bb{}\u00bb]<\/p>\n<h2 style=\"text-align: center;\">\u00a0<\/h2>\n<h2 style=\"text-align: center;\">Horario<\/h2>\n<h2>Secretaria General<\/h2>\n<p>Ma\u00f1anas de 9:00 a 13:30<br \/>Tardes de 14:30 a 16:00<\/p>\n<h2>Tel\u00e9fono y contacto<\/h2>\n<p>943899171- 688614561<br \/>idazkaritza@anaitasunaikastola.net<\/p>\n<p>[\/et_pb_cta][\/et_pb_column][\/et_pb_row][et_pb_row column_structure=\u00bb1_4,1_2,1_4&#8243; _builder_version=\u00bb4.21.0&#8243; _module_preset=\u00bbdefault\u00bb global_colors_info=\u00bb{}\u00bb][et_pb_column type=\u00bb1_4&#8243; _builder_version=\u00bb4.21.0&#8243; _module_preset=\u00bbdefault\u00bb global_colors_info=\u00bb{}\u00bb][\/et_pb_column][et_pb_column type=\u00bb1_2&#8243; _builder_version=\u00bb4.21.0&#8243; _module_preset=\u00bbdefault\u00bb global_colors_info=\u00bb{}\u00bb][et_pb_cta module_class=\u00bbmarkoa\u00bb _builder_version=\u00bb4.21.0&#8243; header_font=\u00bb|||on|||||\u00bb header_text_color=\u00bb#ffffff\u00bb header_font_size=\u00bb28px\u00bb background_color=\u00bbrgba(83,187,0,0.7)\u00bb z_index_tablet=\u00bb500&#8243; header_text_shadow_horizontal_length_tablet=\u00bb0px\u00bb header_text_shadow_vertical_length_tablet=\u00bb0px\u00bb header_text_shadow_blur_strength_tablet=\u00bb1px\u00bb body_text_shadow_horizontal_length_tablet=\u00bb0px\u00bb body_text_shadow_vertical_length_tablet=\u00bb0px\u00bb body_text_shadow_blur_strength_tablet=\u00bb1px\u00bb body_link_text_shadow_horizontal_length_tablet=\u00bb0px\u00bb body_link_text_shadow_vertical_length_tablet=\u00bb0px\u00bb body_link_text_shadow_blur_strength_tablet=\u00bb1px\u00bb body_ul_text_shadow_horizontal_length_tablet=\u00bb0px\u00bb body_ul_text_shadow_vertical_length_tablet=\u00bb0px\u00bb body_ul_text_shadow_blur_strength_tablet=\u00bb1px\u00bb body_ol_text_shadow_horizontal_length_tablet=\u00bb0px\u00bb body_ol_text_shadow_vertical_length_tablet=\u00bb0px\u00bb body_ol_text_shadow_blur_strength_tablet=\u00bb1px\u00bb body_quote_text_shadow_horizontal_length_tablet=\u00bb0px\u00bb body_quote_text_shadow_vertical_length_tablet=\u00bb0px\u00bb body_quote_text_shadow_blur_strength_tablet=\u00bb1px\u00bb border_radii=\u00bb|25px|0px|25px|0px\u00bb border_color_all=\u00bb#5094cc\u00bb button_text_shadow_horizontal_length_tablet=\u00bb0px\u00bb button_text_shadow_vertical_length_tablet=\u00bb0px\u00bb button_text_shadow_blur_strength_tablet=\u00bb1px\u00bb box_shadow_horizontal_tablet=\u00bb0px\u00bb box_shadow_vertical_tablet=\u00bb0px\u00bb box_shadow_blur_tablet=\u00bb40px\u00bb box_shadow_spread_tablet=\u00bb0px\u00bb box_shadow_horizontal_button_tablet=\u00bb0px\u00bb box_shadow_vertical_button_tablet=\u00bb0px\u00bb box_shadow_blur_button_tablet=\u00bb40px\u00bb box_shadow_spread_button_tablet=\u00bb0px\u00bb text_shadow_horizontal_length_tablet=\u00bb0px\u00bb text_shadow_vertical_length_tablet=\u00bb0px\u00bb text_shadow_blur_strength_tablet=\u00bb1px\u00bb locked=\u00bboff\u00bb global_colors_info=\u00bb{}\u00bb]<\/p>\n<h2>Horario del alumnado<\/h2>\n<p>Ma\u00f1anas de 9:00 a 12:30<br \/>Tardes de 14:30 a 16:00<\/p>\n<h2>Horario INTENSIVO del alumnado (septiembre y junio)<\/h2>\n<p>Ma\u00f1anas de 9:00 a 13:00<\/p>\n<p>[\/et_pb_cta][\/et_pb_column][et_pb_column type=\u00bb1_4&#8243; _builder_version=\u00bb4.21.0&#8243; _module_preset=\u00bbdefault\u00bb global_colors_info=\u00bb{}\u00bb][\/et_pb_column][\/et_pb_row][\/et_pb_section]<\/p>\n","protected":false},"excerpt":{"rendered":"<p>\u00a0 Horario Secretaria General Ma\u00f1anas de 9:00 a 13:30Tardes de 14:30 a 16:00 Tel\u00e9fono y contacto 943899171- 688614561idazkaritza@anaitasunaikastola.netHorario del alumnado Ma\u00f1anas de 9:00 a 12:30Tardes de 14:30 a 16:00 Horario INTENSIVO del alumnado (septiembre y junio) Ma\u00f1anas de 9:00 a 13:00<\/p>\n","protected":false},"author":1,"featured_media":1323,"parent":2218,"menu_order":0,"comment_status":"closed","ping_status":"closed","template":"page-template-fullwidth.php","meta":{"_et_pb_use_builder":"on","_et_pb_old_content":"<p>[et_pb_section fb_built=\"1\" _builder_version=\"4.21.0\" _module_preset=\"default\" background_image=\"https:\/\/anaitasunaikastola.eus\/wp-content\/uploads\/2023\/06\/BOROBIL_1.png\" background_size=\"contain\" background_position=\"top_left\" global_colors_info=\"{}\"][et_pb_row column_structure=\"1_2,1_2\" _builder_version=\"4.21.0\" _module_preset=\"default\" global_colors_info=\"{}\"][et_pb_column type=\"1_2\" _builder_version=\"4.21.0\" _module_preset=\"default\" global_colors_info=\"{}\"][et_pb_image src=\"https:\/\/anaitasunaikastola.eus\/wp-content\/uploads\/2023\/06\/23_24_egutegia_AnaitasunaIkastola.png\" alt=\"23_24_egutegia_AnaitasunaIkastola\" title_text=\"23_24_egutegia_AnaitasunaIkastola\" url=\"https:\/\/anaitasunaikastola.eus\/wp-content\/uploads\/2023\/06\/23_24-EGUTEGIA_-Calendario.pdf\" url_new_window=\"on\" _builder_version=\"4.21.0\" _module_preset=\"default\" global_colors_info=\"{}\"][\/et_pb_image][\/et_pb_column][et_pb_column type=\"1_2\" _builder_version=\"4.21.0\" _module_preset=\"default\" global_colors_info=\"{}\"][et_pb_cta module_class=\"markoa\" _builder_version=\"4.21.0\" header_font=\"|||on|||||\" header_text_color=\"#ffffff\" header_font_size=\"28px\" background_color=\"rgba(2,74,131,0.7)\" z_index_tablet=\"500\" header_text_shadow_horizontal_length_tablet=\"0px\" header_text_shadow_vertical_length_tablet=\"0px\" header_text_shadow_blur_strength_tablet=\"1px\" body_text_shadow_horizontal_length_tablet=\"0px\" body_text_shadow_vertical_length_tablet=\"0px\" body_text_shadow_blur_strength_tablet=\"1px\" body_link_text_shadow_horizontal_length_tablet=\"0px\" body_link_text_shadow_vertical_length_tablet=\"0px\" body_link_text_shadow_blur_strength_tablet=\"1px\" body_ul_text_shadow_horizontal_length_tablet=\"0px\" body_ul_text_shadow_vertical_length_tablet=\"0px\" body_ul_text_shadow_blur_strength_tablet=\"1px\" body_ol_text_shadow_horizontal_length_tablet=\"0px\" body_ol_text_shadow_vertical_length_tablet=\"0px\" body_ol_text_shadow_blur_strength_tablet=\"1px\" body_quote_text_shadow_horizontal_length_tablet=\"0px\" body_quote_text_shadow_vertical_length_tablet=\"0px\" body_quote_text_shadow_blur_strength_tablet=\"1px\" border_radii=\"|25px|0px|25px|0px\" border_width_all=\"1px\" border_color_all=\"#5094cc\" button_text_shadow_horizontal_length_tablet=\"0px\" button_text_shadow_vertical_length_tablet=\"0px\" button_text_shadow_blur_strength_tablet=\"1px\" box_shadow_horizontal_tablet=\"0px\" box_shadow_vertical_tablet=\"0px\" box_shadow_blur_tablet=\"40px\" box_shadow_spread_tablet=\"0px\" box_shadow_horizontal_button_tablet=\"0px\" box_shadow_vertical_button_tablet=\"0px\" box_shadow_blur_button_tablet=\"40px\" box_shadow_spread_button_tablet=\"0px\" text_shadow_horizontal_length_tablet=\"0px\" text_shadow_vertical_length_tablet=\"0px\" text_shadow_blur_strength_tablet=\"1px\" locked=\"off\" global_colors_info=\"{}\"]<\/p><h2 style=\"text-align: center;\">\u00a0<\/h2><h2 style=\"text-align: center;\">Ordutegia<\/h2><h2>Idazkaritza Orokorra<\/h2><p>Goizez, 9:00etatik 13:30etara<br \/>Arratsaldez, 14:30etatik 16:00etara<\/p><h2>Telefonoa eta harremanak<\/h2><p>943899171- 688614561<br \/>idazkaritza@anaitasunaikastola.net<\/p><p>[\/et_pb_cta][\/et_pb_column][\/et_pb_row][et_pb_row column_structure=\"1_4,1_2,1_4\" _builder_version=\"4.21.0\" _module_preset=\"default\" global_colors_info=\"{}\"][et_pb_column type=\"1_4\" _builder_version=\"4.21.0\" _module_preset=\"default\" global_colors_info=\"{}\"][\/et_pb_column][et_pb_column type=\"1_2\" _builder_version=\"4.21.0\" _module_preset=\"default\" global_colors_info=\"{}\"][et_pb_cta module_class=\"markoa\" _builder_version=\"4.21.0\" header_font=\"|||on|||||\" header_text_color=\"#ffffff\" header_font_size=\"28px\" background_color=\"rgba(83,187,0,0.7)\" hover_enabled=\"0\" z_index_tablet=\"500\" header_text_shadow_horizontal_length_tablet=\"0px\" header_text_shadow_vertical_length_tablet=\"0px\" header_text_shadow_blur_strength_tablet=\"1px\" body_text_shadow_horizontal_length_tablet=\"0px\" body_text_shadow_vertical_length_tablet=\"0px\" body_text_shadow_blur_strength_tablet=\"1px\" body_link_text_shadow_horizontal_length_tablet=\"0px\" body_link_text_shadow_vertical_length_tablet=\"0px\" body_link_text_shadow_blur_strength_tablet=\"1px\" body_ul_text_shadow_horizontal_length_tablet=\"0px\" body_ul_text_shadow_vertical_length_tablet=\"0px\" body_ul_text_shadow_blur_strength_tablet=\"1px\" body_ol_text_shadow_horizontal_length_tablet=\"0px\" body_ol_text_shadow_vertical_length_tablet=\"0px\" body_ol_text_shadow_blur_strength_tablet=\"1px\" body_quote_text_shadow_horizontal_length_tablet=\"0px\" body_quote_text_shadow_vertical_length_tablet=\"0px\" body_quote_text_shadow_blur_strength_tablet=\"1px\" border_radii=\"|25px|0px|25px|0px\" border_color_all=\"#5094cc\" button_text_shadow_horizontal_length_tablet=\"0px\" button_text_shadow_vertical_length_tablet=\"0px\" button_text_shadow_blur_strength_tablet=\"1px\" box_shadow_horizontal_tablet=\"0px\" box_shadow_vertical_tablet=\"0px\" box_shadow_blur_tablet=\"40px\" box_shadow_spread_tablet=\"0px\" box_shadow_horizontal_button_tablet=\"0px\" box_shadow_vertical_button_tablet=\"0px\" box_shadow_blur_button_tablet=\"40px\" box_shadow_spread_button_tablet=\"0px\" text_shadow_horizontal_length_tablet=\"0px\" text_shadow_vertical_length_tablet=\"0px\" text_shadow_blur_strength_tablet=\"1px\" locked=\"off\" global_colors_info=\"{}\" sticky_enabled=\"0\"]<\/p><h2>Ikasleen ordutegia<\/h2><p>Goizez, 9:00etatik 12:30etara<br \/>Arratsaldez, 14:30eatik 16:00etara<\/p><h2>Ikasleen ordutegi TRINKOA (iraila eta ekaina)<\/h2><p>Goizez, 9:00etatik 13:00etara<\/p><p>[\/et_pb_cta][\/et_pb_column][et_pb_column type=\"1_4\" _builder_version=\"4.21.0\" _module_preset=\"default\" global_colors_info=\"{}\"][\/et_pb_column][\/et_pb_row][\/et_pb_section]<\/p>","_et_gb_content_width":"","footnotes":""},"class_list":["post-1556","page","type-page","status-publish","has-post-thumbnail","hentry"],"yoast_head":"<!-- This site is optimized with the Yoast SEO plugin v27.3 - https:\/\/yoast.com\/product\/yoast-seo-wordpress\/ -->\n<title>Horario y calendario - Anaitasuna Ikastola<\/title>\n<meta name=\"robots\" content=\"index, follow, max-snippet:-1, max-image-preview:large, max-video-preview:-1\" \/>\n<link rel=\"canonical\" href=\"https:\/\/anaitasunaikastola.eus\/es\/ikastetxea\/horario-y-calendario\/\" \/>\n<meta property=\"og:locale\" content=\"es_ES\" \/>\n<meta property=\"og:type\" content=\"article\" \/>\n<meta property=\"og:title\" content=\"Horario y calendario - Anaitasuna Ikastola\" \/>\n<meta property=\"og:description\" content=\"\u00a0 Horario Secretaria General Ma\u00f1anas de 9:00 a 13:30Tardes de 14:30 a 16:00 Tel\u00e9fono y contacto 943899171- 688614561idazkaritza@anaitasunaikastola.netHorario del alumnado Ma\u00f1anas de 9:00 a 12:30Tardes de 14:30 a 16:00 Horario INTENSIVO del alumnado (septiembre y junio) Ma\u00f1anas de 9:00 a 13:00\" \/>\n<meta property=\"og:url\" content=\"https:\/\/anaitasunaikastola.eus\/es\/ikastetxea\/horario-y-calendario\/\" \/>\n<meta property=\"og:site_name\" content=\"Anaitasuna Ikastola\" \/>\n<meta property=\"article:modified_time\" content=\"2025-07-30T11:00:05+00:00\" \/>\n<meta property=\"og:image\" content=\"https:\/\/anaitasunaikastola.eus\/wp-content\/uploads\/2023\/06\/goi-fondoa.png\" \/>\n\t<meta property=\"og:image:width\" content=\"2030\" \/>\n\t<meta property=\"og:image:height\" content=\"90\" \/>\n\t<meta property=\"og:image:type\" content=\"image\/png\" \/>\n<meta name=\"twitter:card\" content=\"summary_large_image\" \/>\n<meta name=\"twitter:label1\" content=\"Tiempo de lectura\" \/>\n\t<meta name=\"twitter:data1\" content=\"1 minuto\" \/>\n<script type=\"application\/ld+json\" class=\"yoast-schema-graph\">{\"@context\":\"https:\\\/\\\/schema.org\",\"@graph\":[{\"@type\":\"WebPage\",\"@id\":\"https:\\\/\\\/anaitasunaikastola.eus\\\/es\\\/ikastetxea\\\/horario-y-calendario\\\/\",\"url\":\"https:\\\/\\\/anaitasunaikastola.eus\\\/es\\\/ikastetxea\\\/horario-y-calendario\\\/\",\"name\":\"Horario y calendario - Anaitasuna Ikastola\",\"isPartOf\":{\"@id\":\"https:\\\/\\\/anaitasunaikastola.eus\\\/es\\\/#website\"},\"primaryImageOfPage\":{\"@id\":\"https:\\\/\\\/anaitasunaikastola.eus\\\/es\\\/ikastetxea\\\/horario-y-calendario\\\/#primaryimage\"},\"image\":{\"@id\":\"https:\\\/\\\/anaitasunaikastola.eus\\\/es\\\/ikastetxea\\\/horario-y-calendario\\\/#primaryimage\"},\"thumbnailUrl\":\"https:\\\/\\\/anaitasunaikastola.eus\\\/wp-content\\\/uploads\\\/2023\\\/06\\\/goi-fondoa.png\",\"datePublished\":\"2023-06-20T08:01:36+00:00\",\"dateModified\":\"2025-07-30T11:00:05+00:00\",\"breadcrumb\":{\"@id\":\"https:\\\/\\\/anaitasunaikastola.eus\\\/es\\\/ikastetxea\\\/horario-y-calendario\\\/#breadcrumb\"},\"inLanguage\":\"es\",\"potentialAction\":[{\"@type\":\"ReadAction\",\"target\":[\"https:\\\/\\\/anaitasunaikastola.eus\\\/es\\\/ikastetxea\\\/horario-y-calendario\\\/\"]}]},{\"@type\":\"ImageObject\",\"inLanguage\":\"es\",\"@id\":\"https:\\\/\\\/anaitasunaikastola.eus\\\/es\\\/ikastetxea\\\/horario-y-calendario\\\/#primaryimage\",\"url\":\"https:\\\/\\\/anaitasunaikastola.eus\\\/wp-content\\\/uploads\\\/2023\\\/06\\\/goi-fondoa.png\",\"contentUrl\":\"https:\\\/\\\/anaitasunaikastola.eus\\\/wp-content\\\/uploads\\\/2023\\\/06\\\/goi-fondoa.png\",\"width\":2030,\"height\":90},{\"@type\":\"BreadcrumbList\",\"@id\":\"https:\\\/\\\/anaitasunaikastola.eus\\\/es\\\/ikastetxea\\\/horario-y-calendario\\\/#breadcrumb\",\"itemListElement\":[{\"@type\":\"ListItem\",\"position\":1,\"name\":\"Home\",\"item\":\"https:\\\/\\\/anaitasunaikastola.eus\\\/es\\\/\"},{\"@type\":\"ListItem\",\"position\":2,\"name\":\"IKASTETXEA\",\"item\":\"https:\\\/\\\/anaitasunaikastola.eus\\\/es\\\/ikastetxea\\\/\"},{\"@type\":\"ListItem\",\"position\":3,\"name\":\"Horario y calendario\"}]},{\"@type\":\"WebSite\",\"@id\":\"https:\\\/\\\/anaitasunaikastola.eus\\\/es\\\/#website\",\"url\":\"https:\\\/\\\/anaitasunaikastola.eus\\\/es\\\/\",\"name\":\"Anaitasuna Ikastola\",\"description\":\"HLH ikastolako webgunea \u00b7 Ermua\",\"potentialAction\":[{\"@type\":\"SearchAction\",\"target\":{\"@type\":\"EntryPoint\",\"urlTemplate\":\"https:\\\/\\\/anaitasunaikastola.eus\\\/es\\\/?s={search_term_string}\"},\"query-input\":{\"@type\":\"PropertyValueSpecification\",\"valueRequired\":true,\"valueName\":\"search_term_string\"}}],\"inLanguage\":\"es\"}]}<\/script>\n<!-- \/ Yoast SEO plugin. -->","yoast_head_json":{"title":"Horario y calendario - Anaitasuna Ikastola","robots":{"index":"index","follow":"follow","max-snippet":"max-snippet:-1","max-image-preview":"max-image-preview:large","max-video-preview":"max-video-preview:-1"},"canonical":"https:\/\/anaitasunaikastola.eus\/es\/ikastetxea\/horario-y-calendario\/","og_locale":"es_ES","og_type":"article","og_title":"Horario y calendario - Anaitasuna Ikastola","og_description":"\u00a0 Horario Secretaria General Ma\u00f1anas de 9:00 a 13:30Tardes de 14:30 a 16:00 Tel\u00e9fono y contacto 943899171- 688614561idazkaritza@anaitasunaikastola.netHorario del alumnado Ma\u00f1anas de 9:00 a 12:30Tardes de 14:30 a 16:00 Horario INTENSIVO del alumnado (septiembre y junio) Ma\u00f1anas de 9:00 a 13:00","og_url":"https:\/\/anaitasunaikastola.eus\/es\/ikastetxea\/horario-y-calendario\/","og_site_name":"Anaitasuna Ikastola","article_modified_time":"2025-07-30T11:00:05+00:00","og_image":[{"width":2030,"height":90,"url":"https:\/\/anaitasunaikastola.eus\/wp-content\/uploads\/2023\/06\/goi-fondoa.png","type":"image\/png"}],"twitter_card":"summary_large_image","twitter_misc":{"Tiempo de lectura":"1 minuto"},"schema":{"@context":"https:\/\/schema.org","@graph":[{"@type":"WebPage","@id":"https:\/\/anaitasunaikastola.eus\/es\/ikastetxea\/horario-y-calendario\/","url":"https:\/\/anaitasunaikastola.eus\/es\/ikastetxea\/horario-y-calendario\/","name":"Horario y calendario - Anaitasuna Ikastola","isPartOf":{"@id":"https:\/\/anaitasunaikastola.eus\/es\/#website"},"primaryImageOfPage":{"@id":"https:\/\/anaitasunaikastola.eus\/es\/ikastetxea\/horario-y-calendario\/#primaryimage"},"image":{"@id":"https:\/\/anaitasunaikastola.eus\/es\/ikastetxea\/horario-y-calendario\/#primaryimage"},"thumbnailUrl":"https:\/\/anaitasunaikastola.eus\/wp-content\/uploads\/2023\/06\/goi-fondoa.png","datePublished":"2023-06-20T08:01:36+00:00","dateModified":"2025-07-30T11:00:05+00:00","breadcrumb":{"@id":"https:\/\/anaitasunaikastola.eus\/es\/ikastetxea\/horario-y-calendario\/#breadcrumb"},"inLanguage":"es","potentialAction":[{"@type":"ReadAction","target":["https:\/\/anaitasunaikastola.eus\/es\/ikastetxea\/horario-y-calendario\/"]}]},{"@type":"ImageObject","inLanguage":"es","@id":"https:\/\/anaitasunaikastola.eus\/es\/ikastetxea\/horario-y-calendario\/#primaryimage","url":"https:\/\/anaitasunaikastola.eus\/wp-content\/uploads\/2023\/06\/goi-fondoa.png","contentUrl":"https:\/\/anaitasunaikastola.eus\/wp-content\/uploads\/2023\/06\/goi-fondoa.png","width":2030,"height":90},{"@type":"BreadcrumbList","@id":"https:\/\/anaitasunaikastola.eus\/es\/ikastetxea\/horario-y-calendario\/#breadcrumb","itemListElement":[{"@type":"ListItem","position":1,"name":"Home","item":"https:\/\/anaitasunaikastola.eus\/es\/"},{"@type":"ListItem","position":2,"name":"IKASTETXEA","item":"https:\/\/anaitasunaikastola.eus\/es\/ikastetxea\/"},{"@type":"ListItem","position":3,"name":"Horario y calendario"}]},{"@type":"WebSite","@id":"https:\/\/anaitasunaikastola.eus\/es\/#website","url":"https:\/\/anaitasunaikastola.eus\/es\/","name":"Anaitasuna Ikastola","description":"HLH ikastolako webgunea \u00b7 Ermua","potentialAction":[{"@type":"SearchAction","target":{"@type":"EntryPoint","urlTemplate":"https:\/\/anaitasunaikastola.eus\/es\/?s={search_term_string}"},"query-input":{"@type":"PropertyValueSpecification","valueRequired":true,"valueName":"search_term_string"}}],"inLanguage":"es"}]}},"_links":{"self":[{"href":"https:\/\/anaitasunaikastola.eus\/es\/wp-json\/wp\/v2\/pages\/1556","targetHints":{"allow":["GET"]}}],"collection":[{"href":"https:\/\/anaitasunaikastola.eus\/es\/wp-json\/wp\/v2\/pages"}],"about":[{"href":"https:\/\/anaitasunaikastola.eus\/es\/wp-json\/wp\/v2\/types\/page"}],"author":[{"embeddable":true,"href":"https:\/\/anaitasunaikastola.eus\/es\/wp-json\/wp\/v2\/users\/1"}],"replies":[{"embeddable":true,"href":"https:\/\/anaitasunaikastola.eus\/es\/wp-json\/wp\/v2\/comments?post=1556"}],"version-history":[{"count":10,"href":"https:\/\/anaitasunaikastola.eus\/es\/wp-json\/wp\/v2\/pages\/1556\/revisions"}],"predecessor-version":[{"id":4671,"href":"https:\/\/anaitasunaikastola.eus\/es\/wp-json\/wp\/v2\/pages\/1556\/revisions\/4671"}],"up":[{"embeddable":true,"href":"https:\/\/anaitasunaikastola.eus\/es\/wp-json\/wp\/v2\/pages\/2218"}],"wp:featuredmedia":[{"embeddable":true,"href":"https:\/\/anaitasunaikastola.eus\/es\/wp-json\/wp\/v2\/media\/1323"}],"wp:attachment":[{"href":"https:\/\/anaitasunaikastola.eus\/es\/wp-json\/wp\/v2\/media?parent=1556"}],"curies":[{"name":"wp","href":"https:\/\/api.w.org\/{rel}","templated":true}]}}