{"id":1586,"date":"2023-06-20T11:01:19","date_gmt":"2023-06-20T09:01:19","guid":{"rendered":"https:\/\/anaitasunaikastola.eus\/?page_id=1586"},"modified":"2023-06-20T11:01:22","modified_gmt":"2023-06-20T09:01:22","slug":"educacion-primaria","status":"publish","type":"page","link":"https:\/\/anaitasunaikastola.eus\/es\/oferta-educativa\/educacion-primaria\/","title":{"rendered":"Educaci\u00f3n primaria"},"content":{"rendered":"<p>[et_pb_section fb_built=\u00bb1&#8243; _builder_version=\u00bb4.21.0&#8243; background_color=\u00bbrgba(255,255,255,0.3)\u00bb background_image=\u00bbhttps:\/\/anaitasunaikastola.eus\/wp-content\/uploads\/2023\/06\/BOROBIL_1.png\u00bb background_size=\u00bbcontain\u00bb background_position=\u00bbtop_left\u00bb background_blend=\u00bblighten\u00bb z_index_tablet=\u00bb500&#8243; global_colors_info=\u00bb{}\u00bb][et_pb_row column_structure=\u00bb1_2,1_2&#8243; _builder_version=\u00bb4.16&#8243; custom_margin=\u00bb0px|||\u00bb custom_padding=\u00bb0px|||\u00bb z_index_tablet=\u00bb500&#8243; box_shadow_horizontal_tablet=\u00bb0px\u00bb box_shadow_vertical_tablet=\u00bb0px\u00bb box_shadow_blur_tablet=\u00bb40px\u00bb box_shadow_spread_tablet=\u00bb0px\u00bb global_colors_info=\u00bb{}\u00bb][et_pb_column type=\u00bb1_2&#8243; _builder_version=\u00bb4.16&#8243; custom_padding=\u00bb|||\u00bb global_colors_info=\u00bb{}\u00bb custom_padding__hover=\u00bb|||\u00bb][et_pb_text _builder_version=\u00bb4.21.0&#8243; custom_margin=\u00bb0px|||\u00bb hover_enabled=\u00bb0&#8243; z_index_tablet=\u00bb500&#8243; text_text_shadow_horizontal_length_tablet=\u00bb0px\u00bb text_text_shadow_vertical_length_tablet=\u00bb0px\u00bb text_text_shadow_blur_strength_tablet=\u00bb1px\u00bb link_text_shadow_horizontal_length_tablet=\u00bb0px\u00bb link_text_shadow_vertical_length_tablet=\u00bb0px\u00bb link_text_shadow_blur_strength_tablet=\u00bb1px\u00bb ul_text_shadow_horizontal_length_tablet=\u00bb0px\u00bb ul_text_shadow_vertical_length_tablet=\u00bb0px\u00bb ul_text_shadow_blur_strength_tablet=\u00bb1px\u00bb ol_text_shadow_horizontal_length_tablet=\u00bb0px\u00bb ol_text_shadow_vertical_length_tablet=\u00bb0px\u00bb ol_text_shadow_blur_strength_tablet=\u00bb1px\u00bb quote_text_shadow_horizontal_length_tablet=\u00bb0px\u00bb quote_text_shadow_vertical_length_tablet=\u00bb0px\u00bb quote_text_shadow_blur_strength_tablet=\u00bb1px\u00bb header_text_shadow_horizontal_length_tablet=\u00bb0px\u00bb header_text_shadow_vertical_length_tablet=\u00bb0px\u00bb header_text_shadow_blur_strength_tablet=\u00bb1px\u00bb header_2_text_shadow_horizontal_length_tablet=\u00bb0px\u00bb header_2_text_shadow_vertical_length_tablet=\u00bb0px\u00bb header_2_text_shadow_blur_strength_tablet=\u00bb1px\u00bb header_3_text_shadow_horizontal_length_tablet=\u00bb0px\u00bb header_3_text_shadow_vertical_length_tablet=\u00bb0px\u00bb header_3_text_shadow_blur_strength_tablet=\u00bb1px\u00bb header_4_text_shadow_horizontal_length_tablet=\u00bb0px\u00bb header_4_text_shadow_vertical_length_tablet=\u00bb0px\u00bb header_4_text_shadow_blur_strength_tablet=\u00bb1px\u00bb header_5_text_shadow_horizontal_length_tablet=\u00bb0px\u00bb header_5_text_shadow_vertical_length_tablet=\u00bb0px\u00bb header_5_text_shadow_blur_strength_tablet=\u00bb1px\u00bb header_6_text_shadow_horizontal_length_tablet=\u00bb0px\u00bb header_6_text_shadow_vertical_length_tablet=\u00bb0px\u00bb header_6_text_shadow_blur_strength_tablet=\u00bb1px\u00bb box_shadow_horizontal_tablet=\u00bb0px\u00bb box_shadow_vertical_tablet=\u00bb0px\u00bb box_shadow_blur_tablet=\u00bb40px\u00bb box_shadow_spread_tablet=\u00bb0px\u00bb global_colors_info=\u00bb{}\u00bb sticky_enabled=\u00bb0&#8243;]<\/p>\n<p>En la EDUCACI\u00d3N PRIMARIA trabajamos con proyectos a partir de los intereses de los alumnos y alumnas y en el trabajo en equipo, educando a j\u00f3venes competentes que en el futuro se enfrentan al d\u00eda a d\u00eda y en cooperaci\u00f3n.<\/p>\n<p>[\/et_pb_text][\/et_pb_column][et_pb_column type=\u00bb1_2&#8243; _builder_version=\u00bb4.16&#8243; custom_padding=\u00bb|||\u00bb global_colors_info=\u00bb{}\u00bb custom_padding__hover=\u00bb|||\u00bb][et_pb_image src=\u00bbhttps:\/\/anaitasunaikastola.eus\/wp-content\/uploads\/2023\/06\/AnaitasunaIkastola_LH.jpg\u00bb alt=\u00bbAnaitasunaIkastola_LH\u00bb title_text=\u00bbAnaitasunaIkastola_LH\u00bb _builder_version=\u00bb4.21.0&#8243; _module_preset=\u00bbdefault\u00bb border_radii=\u00bbon|4px|4px|4px|4px\u00bb border_width_all=\u00bb1px\u00bb border_color_all=\u00bb#53bb00&#8243; global_colors_info=\u00bb{}\u00bb][\/et_pb_image][\/et_pb_column][\/et_pb_row][\/et_pb_section][et_pb_section fb_built=\u00bb1&#8243; _builder_version=\u00bb4.16&#8243; global_colors_info=\u00bb{}\u00bb][et_pb_row _builder_version=\u00bb4.16&#8243; background_size=\u00bbinitial\u00bb background_position=\u00bbtop_left\u00bb background_repeat=\u00bbrepeat\u00bb global_colors_info=\u00bb{}\u00bb][et_pb_column type=\u00bb4_4&#8243; _builder_version=\u00bb4.16&#8243; custom_padding=\u00bb|||\u00bb global_colors_info=\u00bb{}\u00bb custom_padding__hover=\u00bb|||\u00bb][et_pb_divider show_divider=\u00bboff\u00bb _builder_version=\u00bb4.16&#8243; z_index_tablet=\u00bb500&#8243; box_shadow_horizontal_tablet=\u00bb0px\u00bb box_shadow_vertical_tablet=\u00bb0px\u00bb box_shadow_blur_tablet=\u00bb40px\u00bb box_shadow_spread_tablet=\u00bb0px\u00bb global_colors_info=\u00bb{}\u00bb][\/et_pb_divider][\/et_pb_column][\/et_pb_row][\/et_pb_section]<\/p>\n","protected":false},"excerpt":{"rendered":"<p>En la EDUCACI\u00d3N PRIMARIA trabajamos con proyectos a partir de los intereses de los alumnos y alumnas y en el trabajo en equipo, educando a j\u00f3venes competentes que en el futuro se enfrentan al d\u00eda a d\u00eda y en cooperaci\u00f3n.<\/p>\n","protected":false},"author":1,"featured_media":1323,"parent":1692,"menu_order":0,"comment_status":"closed","ping_status":"closed","template":"page-template-fullwidth.php","meta":{"_et_pb_use_builder":"on","_et_pb_old_content":"<p>[et_pb_section fb_built=\"1\" _builder_version=\"4.21.0\" background_color=\"rgba(255,255,255,0.3)\" background_image=\"https:\/\/anaitasunaikastola.eus\/wp-content\/uploads\/2023\/06\/BOROBIL_1.png\" background_size=\"contain\" background_position=\"top_left\" background_blend=\"lighten\" z_index_tablet=\"500\" global_colors_info=\"{}\"][et_pb_row column_structure=\"1_2,1_2\" _builder_version=\"4.16\" custom_margin=\"0px|||\" custom_padding=\"0px|||\" z_index_tablet=\"500\" box_shadow_horizontal_tablet=\"0px\" box_shadow_vertical_tablet=\"0px\" box_shadow_blur_tablet=\"40px\" box_shadow_spread_tablet=\"0px\" global_colors_info=\"{}\"][et_pb_column type=\"1_2\" _builder_version=\"4.16\" custom_padding=\"|||\" global_colors_info=\"{}\" custom_padding__hover=\"|||\"][et_pb_text _builder_version=\"4.21.0\" custom_margin=\"0px|||\" z_index_tablet=\"500\" text_text_shadow_horizontal_length_tablet=\"0px\" text_text_shadow_vertical_length_tablet=\"0px\" text_text_shadow_blur_strength_tablet=\"1px\" link_text_shadow_horizontal_length_tablet=\"0px\" link_text_shadow_vertical_length_tablet=\"0px\" link_text_shadow_blur_strength_tablet=\"1px\" ul_text_shadow_horizontal_length_tablet=\"0px\" ul_text_shadow_vertical_length_tablet=\"0px\" ul_text_shadow_blur_strength_tablet=\"1px\" ol_text_shadow_horizontal_length_tablet=\"0px\" ol_text_shadow_vertical_length_tablet=\"0px\" ol_text_shadow_blur_strength_tablet=\"1px\" quote_text_shadow_horizontal_length_tablet=\"0px\" quote_text_shadow_vertical_length_tablet=\"0px\" quote_text_shadow_blur_strength_tablet=\"1px\" header_text_shadow_horizontal_length_tablet=\"0px\" header_text_shadow_vertical_length_tablet=\"0px\" header_text_shadow_blur_strength_tablet=\"1px\" header_2_text_shadow_horizontal_length_tablet=\"0px\" header_2_text_shadow_vertical_length_tablet=\"0px\" header_2_text_shadow_blur_strength_tablet=\"1px\" header_3_text_shadow_horizontal_length_tablet=\"0px\" header_3_text_shadow_vertical_length_tablet=\"0px\" header_3_text_shadow_blur_strength_tablet=\"1px\" header_4_text_shadow_horizontal_length_tablet=\"0px\" header_4_text_shadow_vertical_length_tablet=\"0px\" header_4_text_shadow_blur_strength_tablet=\"1px\" header_5_text_shadow_horizontal_length_tablet=\"0px\" header_5_text_shadow_vertical_length_tablet=\"0px\" header_5_text_shadow_blur_strength_tablet=\"1px\" header_6_text_shadow_horizontal_length_tablet=\"0px\" header_6_text_shadow_vertical_length_tablet=\"0px\" header_6_text_shadow_blur_strength_tablet=\"1px\" box_shadow_horizontal_tablet=\"0px\" box_shadow_vertical_tablet=\"0px\" box_shadow_blur_tablet=\"40px\" box_shadow_spread_tablet=\"0px\" global_colors_info=\"{}\"]<\/p><p>LEHEN HEZKUNTZAN proiektuekin egiten dugu lan ikasleen interesetatik abiatuta eta talde lanean, etorkizunean egunerokoari errespetuz eta lankidetzan aurre egingo dioten gazte konpetenteak heziz.<\/p><p>[\/et_pb_text][\/et_pb_column][et_pb_column type=\"1_2\" _builder_version=\"4.16\" custom_padding=\"|||\" global_colors_info=\"{}\" custom_padding__hover=\"|||\"][et_pb_image src=\"https:\/\/anaitasunaikastola.eus\/wp-content\/uploads\/2023\/06\/AnaitasunaIkastola_LH.jpg\" alt=\"AnaitasunaIkastola_LH\" title_text=\"AnaitasunaIkastola_LH\" _builder_version=\"4.21.0\" _module_preset=\"default\" border_radii=\"on|4px|4px|4px|4px\" border_width_all=\"1px\" border_color_all=\"#53bb00\" global_colors_info=\"{}\"][\/et_pb_image][\/et_pb_column][\/et_pb_row][\/et_pb_section][et_pb_section fb_built=\"1\" _builder_version=\"4.16\" global_colors_info=\"{}\"][et_pb_row _builder_version=\"4.16\" background_size=\"initial\" background_position=\"top_left\" background_repeat=\"repeat\" global_colors_info=\"{}\"][et_pb_column type=\"4_4\" _builder_version=\"4.16\" custom_padding=\"|||\" global_colors_info=\"{}\" custom_padding__hover=\"|||\"][et_pb_divider show_divider=\"off\" _builder_version=\"4.16\" z_index_tablet=\"500\" box_shadow_horizontal_tablet=\"0px\" box_shadow_vertical_tablet=\"0px\" box_shadow_blur_tablet=\"40px\" box_shadow_spread_tablet=\"0px\" global_colors_info=\"{}\"][\/et_pb_divider][\/et_pb_column][\/et_pb_row][\/et_pb_section]<\/p>","_et_gb_content_width":"","footnotes":""},"class_list":["post-1586","page","type-page","status-publish","has-post-thumbnail","hentry"],"yoast_head":"<!-- This site is optimized with the Yoast SEO plugin v27.3 - https:\/\/yoast.com\/product\/yoast-seo-wordpress\/ -->\n<title>Educaci\u00f3n primaria - Anaitasuna Ikastola<\/title>\n<meta name=\"robots\" content=\"index, follow, max-snippet:-1, max-image-preview:large, max-video-preview:-1\" \/>\n<link rel=\"canonical\" href=\"https:\/\/anaitasunaikastola.eus\/es\/oferta-educativa\/educacion-primaria\/\" \/>\n<meta property=\"og:locale\" content=\"es_ES\" \/>\n<meta property=\"og:type\" content=\"article\" \/>\n<meta property=\"og:title\" content=\"Educaci\u00f3n primaria - Anaitasuna Ikastola\" \/>\n<meta property=\"og:description\" content=\"En la EDUCACI\u00d3N PRIMARIA trabajamos con proyectos a partir de los intereses de los alumnos y alumnas y en el trabajo en equipo, educando a j\u00f3venes competentes que en el futuro se enfrentan al d\u00eda a d\u00eda y en cooperaci\u00f3n.\" \/>\n<meta property=\"og:url\" content=\"https:\/\/anaitasunaikastola.eus\/es\/oferta-educativa\/educacion-primaria\/\" \/>\n<meta property=\"og:site_name\" content=\"Anaitasuna Ikastola\" \/>\n<meta property=\"article:modified_time\" content=\"2023-06-20T09:01:22+00:00\" \/>\n<meta property=\"og:image\" content=\"https:\/\/anaitasunaikastola.eus\/wp-content\/uploads\/2023\/06\/goi-fondoa.png\" \/>\n\t<meta property=\"og:image:width\" content=\"2030\" \/>\n\t<meta property=\"og:image:height\" content=\"90\" \/>\n\t<meta property=\"og:image:type\" content=\"image\/png\" \/>\n<meta name=\"twitter:card\" content=\"summary_large_image\" \/>\n<meta name=\"twitter:label1\" content=\"Tiempo de lectura\" \/>\n\t<meta name=\"twitter:data1\" content=\"1 minuto\" \/>\n<script type=\"application\/ld+json\" class=\"yoast-schema-graph\">{\"@context\":\"https:\\\/\\\/schema.org\",\"@graph\":[{\"@type\":\"WebPage\",\"@id\":\"https:\\\/\\\/anaitasunaikastola.eus\\\/es\\\/oferta-educativa\\\/educacion-primaria\\\/\",\"url\":\"https:\\\/\\\/anaitasunaikastola.eus\\\/es\\\/oferta-educativa\\\/educacion-primaria\\\/\",\"name\":\"Educaci\u00f3n primaria - Anaitasuna Ikastola\",\"isPartOf\":{\"@id\":\"https:\\\/\\\/anaitasunaikastola.eus\\\/es\\\/#website\"},\"primaryImageOfPage\":{\"@id\":\"https:\\\/\\\/anaitasunaikastola.eus\\\/es\\\/oferta-educativa\\\/educacion-primaria\\\/#primaryimage\"},\"image\":{\"@id\":\"https:\\\/\\\/anaitasunaikastola.eus\\\/es\\\/oferta-educativa\\\/educacion-primaria\\\/#primaryimage\"},\"thumbnailUrl\":\"https:\\\/\\\/anaitasunaikastola.eus\\\/wp-content\\\/uploads\\\/2023\\\/06\\\/goi-fondoa.png\",\"datePublished\":\"2023-06-20T09:01:19+00:00\",\"dateModified\":\"2023-06-20T09:01:22+00:00\",\"breadcrumb\":{\"@id\":\"https:\\\/\\\/anaitasunaikastola.eus\\\/es\\\/oferta-educativa\\\/educacion-primaria\\\/#breadcrumb\"},\"inLanguage\":\"es\",\"potentialAction\":[{\"@type\":\"ReadAction\",\"target\":[\"https:\\\/\\\/anaitasunaikastola.eus\\\/es\\\/oferta-educativa\\\/educacion-primaria\\\/\"]}]},{\"@type\":\"ImageObject\",\"inLanguage\":\"es\",\"@id\":\"https:\\\/\\\/anaitasunaikastola.eus\\\/es\\\/oferta-educativa\\\/educacion-primaria\\\/#primaryimage\",\"url\":\"https:\\\/\\\/anaitasunaikastola.eus\\\/wp-content\\\/uploads\\\/2023\\\/06\\\/goi-fondoa.png\",\"contentUrl\":\"https:\\\/\\\/anaitasunaikastola.eus\\\/wp-content\\\/uploads\\\/2023\\\/06\\\/goi-fondoa.png\",\"width\":2030,\"height\":90},{\"@type\":\"BreadcrumbList\",\"@id\":\"https:\\\/\\\/anaitasunaikastola.eus\\\/es\\\/oferta-educativa\\\/educacion-primaria\\\/#breadcrumb\",\"itemListElement\":[{\"@type\":\"ListItem\",\"position\":1,\"name\":\"Home\",\"item\":\"https:\\\/\\\/anaitasunaikastola.eus\\\/es\\\/\"},{\"@type\":\"ListItem\",\"position\":2,\"name\":\"Educaci\u00f3n primaria\"}]},{\"@type\":\"WebSite\",\"@id\":\"https:\\\/\\\/anaitasunaikastola.eus\\\/es\\\/#website\",\"url\":\"https:\\\/\\\/anaitasunaikastola.eus\\\/es\\\/\",\"name\":\"Anaitasuna Ikastola\",\"description\":\"HLH ikastolako webgunea \u00b7 Ermua\",\"potentialAction\":[{\"@type\":\"SearchAction\",\"target\":{\"@type\":\"EntryPoint\",\"urlTemplate\":\"https:\\\/\\\/anaitasunaikastola.eus\\\/es\\\/?s={search_term_string}\"},\"query-input\":{\"@type\":\"PropertyValueSpecification\",\"valueRequired\":true,\"valueName\":\"search_term_string\"}}],\"inLanguage\":\"es\"}]}<\/script>\n<!-- \/ Yoast SEO plugin. -->","yoast_head_json":{"title":"Educaci\u00f3n primaria - Anaitasuna Ikastola","robots":{"index":"index","follow":"follow","max-snippet":"max-snippet:-1","max-image-preview":"max-image-preview:large","max-video-preview":"max-video-preview:-1"},"canonical":"https:\/\/anaitasunaikastola.eus\/es\/oferta-educativa\/educacion-primaria\/","og_locale":"es_ES","og_type":"article","og_title":"Educaci\u00f3n primaria - Anaitasuna Ikastola","og_description":"En la EDUCACI\u00d3N PRIMARIA trabajamos con proyectos a partir de los intereses de los alumnos y alumnas y en el trabajo en equipo, educando a j\u00f3venes competentes que en el futuro se enfrentan al d\u00eda a d\u00eda y en cooperaci\u00f3n.","og_url":"https:\/\/anaitasunaikastola.eus\/es\/oferta-educativa\/educacion-primaria\/","og_site_name":"Anaitasuna Ikastola","article_modified_time":"2023-06-20T09:01:22+00:00","og_image":[{"width":2030,"height":90,"url":"https:\/\/anaitasunaikastola.eus\/wp-content\/uploads\/2023\/06\/goi-fondoa.png","type":"image\/png"}],"twitter_card":"summary_large_image","twitter_misc":{"Tiempo de lectura":"1 minuto"},"schema":{"@context":"https:\/\/schema.org","@graph":[{"@type":"WebPage","@id":"https:\/\/anaitasunaikastola.eus\/es\/oferta-educativa\/educacion-primaria\/","url":"https:\/\/anaitasunaikastola.eus\/es\/oferta-educativa\/educacion-primaria\/","name":"Educaci\u00f3n primaria - Anaitasuna Ikastola","isPartOf":{"@id":"https:\/\/anaitasunaikastola.eus\/es\/#website"},"primaryImageOfPage":{"@id":"https:\/\/anaitasunaikastola.eus\/es\/oferta-educativa\/educacion-primaria\/#primaryimage"},"image":{"@id":"https:\/\/anaitasunaikastola.eus\/es\/oferta-educativa\/educacion-primaria\/#primaryimage"},"thumbnailUrl":"https:\/\/anaitasunaikastola.eus\/wp-content\/uploads\/2023\/06\/goi-fondoa.png","datePublished":"2023-06-20T09:01:19+00:00","dateModified":"2023-06-20T09:01:22+00:00","breadcrumb":{"@id":"https:\/\/anaitasunaikastola.eus\/es\/oferta-educativa\/educacion-primaria\/#breadcrumb"},"inLanguage":"es","potentialAction":[{"@type":"ReadAction","target":["https:\/\/anaitasunaikastola.eus\/es\/oferta-educativa\/educacion-primaria\/"]}]},{"@type":"ImageObject","inLanguage":"es","@id":"https:\/\/anaitasunaikastola.eus\/es\/oferta-educativa\/educacion-primaria\/#primaryimage","url":"https:\/\/anaitasunaikastola.eus\/wp-content\/uploads\/2023\/06\/goi-fondoa.png","contentUrl":"https:\/\/anaitasunaikastola.eus\/wp-content\/uploads\/2023\/06\/goi-fondoa.png","width":2030,"height":90},{"@type":"BreadcrumbList","@id":"https:\/\/anaitasunaikastola.eus\/es\/oferta-educativa\/educacion-primaria\/#breadcrumb","itemListElement":[{"@type":"ListItem","position":1,"name":"Home","item":"https:\/\/anaitasunaikastola.eus\/es\/"},{"@type":"ListItem","position":2,"name":"Educaci\u00f3n primaria"}]},{"@type":"WebSite","@id":"https:\/\/anaitasunaikastola.eus\/es\/#website","url":"https:\/\/anaitasunaikastola.eus\/es\/","name":"Anaitasuna Ikastola","description":"HLH ikastolako webgunea \u00b7 Ermua","potentialAction":[{"@type":"SearchAction","target":{"@type":"EntryPoint","urlTemplate":"https:\/\/anaitasunaikastola.eus\/es\/?s={search_term_string}"},"query-input":{"@type":"PropertyValueSpecification","valueRequired":true,"valueName":"search_term_string"}}],"inLanguage":"es"}]}},"_links":{"self":[{"href":"https:\/\/anaitasunaikastola.eus\/es\/wp-json\/wp\/v2\/pages\/1586","targetHints":{"allow":["GET"]}}],"collection":[{"href":"https:\/\/anaitasunaikastola.eus\/es\/wp-json\/wp\/v2\/pages"}],"about":[{"href":"https:\/\/anaitasunaikastola.eus\/es\/wp-json\/wp\/v2\/types\/page"}],"author":[{"embeddable":true,"href":"https:\/\/anaitasunaikastola.eus\/es\/wp-json\/wp\/v2\/users\/1"}],"replies":[{"embeddable":true,"href":"https:\/\/anaitasunaikastola.eus\/es\/wp-json\/wp\/v2\/comments?post=1586"}],"version-history":[{"count":5,"href":"https:\/\/anaitasunaikastola.eus\/es\/wp-json\/wp\/v2\/pages\/1586\/revisions"}],"predecessor-version":[{"id":1592,"href":"https:\/\/anaitasunaikastola.eus\/es\/wp-json\/wp\/v2\/pages\/1586\/revisions\/1592"}],"up":[{"embeddable":true,"href":"https:\/\/anaitasunaikastola.eus\/es\/wp-json\/wp\/v2\/pages\/1692"}],"wp:featuredmedia":[{"embeddable":true,"href":"https:\/\/anaitasunaikastola.eus\/es\/wp-json\/wp\/v2\/media\/1323"}],"wp:attachment":[{"href":"https:\/\/anaitasunaikastola.eus\/es\/wp-json\/wp\/v2\/media?parent=1586"}],"curies":[{"name":"wp","href":"https:\/\/api.w.org\/{rel}","templated":true}]}}