{"id":1616,"date":"2023-06-20T11:35:49","date_gmt":"2023-06-20T09:35:49","guid":{"rendered":"https:\/\/anaitasunaikastola.eus\/?page_id=1616"},"modified":"2023-06-20T11:35:52","modified_gmt":"2023-06-20T09:35:52","slug":"actividades-complementarias","status":"publish","type":"page","link":"https:\/\/anaitasunaikastola.eus\/es\/oferta-educativa\/actividades-complementarias\/","title":{"rendered":"Actividades complementarias"},"content":{"rendered":"<p>[et_pb_section fb_built=\u00bb1&#8243; _builder_version=\u00bb4.21.0&#8243; background_color=\u00bbrgba(255,255,255,0.3)\u00bb background_image=\u00bbhttps:\/\/anaitasunaikastola.eus\/wp-content\/uploads\/2023\/06\/BOROBIL_1.png\u00bb background_size=\u00bbcontain\u00bb background_position=\u00bbtop_left\u00bb background_blend=\u00bblighten\u00bb z_index_tablet=\u00bb500&#8243; global_colors_info=\u00bb{}\u00bb][et_pb_row column_structure=\u00bb1_2,1_2&#8243; _builder_version=\u00bb4.21.0&#8243; _module_preset=\u00bbdefault\u00bb global_colors_info=\u00bb{}\u00bb][et_pb_column type=\u00bb1_2&#8243; _builder_version=\u00bb4.21.0&#8243; _module_preset=\u00bbdefault\u00bb global_colors_info=\u00bb{}\u00bb][et_pb_text _builder_version=\u00bb4.21.0&#8243; _module_preset=\u00bbdefault\u00bb hover_enabled=\u00bb0&#8243; global_colors_info=\u00bb{}\u00bb sticky_enabled=\u00bb0&#8243;]<\/p>\n<p>A lo largo del curso complementamos el d\u00eda a d\u00eda con diferentes actividades. Realizamos salidas relacionadas con los proyectos del centro. Estancias en diferentes niveles (Lekeitio, Lurraska, Sukarrieta, Zuhatza, esqu\u00ed\u2026)<\/p>\n<p>Llevamos a\u00f1os realizando cursos de nataci\u00f3n con alumnos de EP 1 a EP 6. Y c\u00f3mo no, aprovechamos la oportunidad que nos brinda nuestro entorno para crecer y educarnos en la naturaleza. El bosque, la huerta, el monte, el campo\u2026 son parte de nuestro d\u00eda a d\u00eda, el amplio espacio que nos rodea.<\/p>\n<p>[\/et_pb_text][\/et_pb_column][et_pb_column type=\u00bb1_2&#8243; _builder_version=\u00bb4.21.0&#8243; _module_preset=\u00bbdefault\u00bb global_colors_info=\u00bb{}\u00bb][et_pb_image src=\u00bbhttps:\/\/anaitasunaikastola.eus\/wp-content\/uploads\/2023\/06\/Anaitasuna_Ikastola_ekintza_osagarriak.jpg\u00bb alt=\u00bbAnaitasuna Ikastola \u00b7 Ekintza osagarriak\u00bb title_text=\u00bbAnaitasuna Ikastola \u00b7 Ekintza osagarriak\u00bb show_in_lightbox=\u00bbon\u00bb _builder_version=\u00bb4.21.0&#8243; _module_preset=\u00bbdefault\u00bb border_radii=\u00bbon|4px|4px|4px|4px\u00bb border_width_all=\u00bb1px\u00bb border_color_all=\u00bb#53bb00&#8243; global_colors_info=\u00bb{}\u00bb][\/et_pb_image][\/et_pb_column][\/et_pb_row][\/et_pb_section][et_pb_section fb_built=\u00bb1&#8243; _builder_version=\u00bb4.16&#8243; global_colors_info=\u00bb{}\u00bb][et_pb_row _builder_version=\u00bb4.16&#8243; background_size=\u00bbinitial\u00bb background_position=\u00bbtop_left\u00bb background_repeat=\u00bbrepeat\u00bb global_colors_info=\u00bb{}\u00bb][et_pb_column type=\u00bb4_4&#8243; _builder_version=\u00bb4.16&#8243; custom_padding=\u00bb|||\u00bb global_colors_info=\u00bb{}\u00bb custom_padding__hover=\u00bb|||\u00bb][et_pb_divider show_divider=\u00bboff\u00bb _builder_version=\u00bb4.16&#8243; z_index_tablet=\u00bb500&#8243; box_shadow_horizontal_tablet=\u00bb0px\u00bb box_shadow_vertical_tablet=\u00bb0px\u00bb box_shadow_blur_tablet=\u00bb40px\u00bb box_shadow_spread_tablet=\u00bb0px\u00bb global_colors_info=\u00bb{}\u00bb][\/et_pb_divider][\/et_pb_column][\/et_pb_row][\/et_pb_section]<\/p>\n","protected":false},"excerpt":{"rendered":"<p>A lo largo del curso complementamos el d\u00eda a d\u00eda con diferentes actividades. Realizamos salidas relacionadas con los proyectos del centro. Estancias en diferentes niveles (Lekeitio, Lurraska, Sukarrieta, Zuhatza, esqu\u00ed\u2026) Llevamos a\u00f1os realizando cursos de nataci\u00f3n con alumnos de EP 1 a EP 6. Y c\u00f3mo no, aprovechamos la oportunidad que nos brinda nuestro entorno [&hellip;]<\/p>\n","protected":false},"author":1,"featured_media":1323,"parent":1692,"menu_order":0,"comment_status":"closed","ping_status":"closed","template":"page-template-fullwidth.php","meta":{"_et_pb_use_builder":"on","_et_pb_old_content":"<p>[et_pb_section fb_built=\"1\" _builder_version=\"4.21.0\" background_color=\"rgba(255,255,255,0.3)\" background_image=\"https:\/\/anaitasunaikastola.eus\/wp-content\/uploads\/2023\/06\/BOROBIL_1.png\" background_size=\"contain\" background_position=\"top_left\" background_blend=\"lighten\" z_index_tablet=\"500\" global_colors_info=\"{}\"][et_pb_row column_structure=\"1_2,1_2\" _builder_version=\"4.21.0\" _module_preset=\"default\" global_colors_info=\"{}\"][et_pb_column type=\"1_2\" _builder_version=\"4.21.0\" _module_preset=\"default\" global_colors_info=\"{}\"][et_pb_text _builder_version=\"4.21.0\" _module_preset=\"default\" global_colors_info=\"{}\"]<\/p><p>Ikasturtean zehar hainbat ekintzaz osagarritzen dugu egunerokoa. Irteerak egiten ditugu ikastetxeko proiektuekin lotuta. Hainbat egonaldi maila ezberdinetan (Lekeitio, Lurraska, Sukarrieta, Zuhatza, eskia\u2026)<\/p><p>Urteak daramatzagu igeriketa ikastaroak egiten LH1etik LH6ra arteko ikasleekin. Eta nola ez gure inguruak eskaintzen digun aukera aprobetxatzen dugu naturan hazi eta hezteko. Gure egunerokoaren parte dira basoa, ortua, mendia, zelaia\u2026 inguratzen gaituen espazio zabala.<\/p><p>[\/et_pb_text][\/et_pb_column][et_pb_column type=\"1_2\" _builder_version=\"4.21.0\" _module_preset=\"default\" global_colors_info=\"{}\"][et_pb_image src=\"https:\/\/anaitasunaikastola.eus\/wp-content\/uploads\/2023\/06\/Anaitasuna_Ikastola_ekintza_osagarriak.jpg\" alt=\"Anaitasuna Ikastola \u00b7 Ekintza osagarriak\" title_text=\"Anaitasuna Ikastola \u00b7 Ekintza osagarriak\" _builder_version=\"4.21.0\" _module_preset=\"default\" hover_enabled=\"0\" border_radii=\"on|4px|4px|4px|4px\" border_width_all=\"1px\" border_color_all=\"#53bb00\" global_colors_info=\"{}\" show_in_lightbox=\"on\" sticky_enabled=\"0\"][\/et_pb_image][\/et_pb_column][\/et_pb_row][\/et_pb_section][et_pb_section fb_built=\"1\" _builder_version=\"4.16\" global_colors_info=\"{}\"][et_pb_row _builder_version=\"4.16\" background_size=\"initial\" background_position=\"top_left\" background_repeat=\"repeat\" global_colors_info=\"{}\"][et_pb_column type=\"4_4\" _builder_version=\"4.16\" custom_padding=\"|||\" global_colors_info=\"{}\" custom_padding__hover=\"|||\"][et_pb_divider show_divider=\"off\" _builder_version=\"4.16\" z_index_tablet=\"500\" box_shadow_horizontal_tablet=\"0px\" box_shadow_vertical_tablet=\"0px\" box_shadow_blur_tablet=\"40px\" box_shadow_spread_tablet=\"0px\" global_colors_info=\"{}\"][\/et_pb_divider][\/et_pb_column][\/et_pb_row][\/et_pb_section]<\/p>","_et_gb_content_width":"","footnotes":""},"class_list":["post-1616","page","type-page","status-publish","has-post-thumbnail","hentry"],"yoast_head":"<!-- This site is optimized with the Yoast SEO plugin v27.3 - https:\/\/yoast.com\/product\/yoast-seo-wordpress\/ -->\n<title>Actividades complementarias - Anaitasuna Ikastola<\/title>\n<meta name=\"robots\" content=\"index, follow, max-snippet:-1, max-image-preview:large, max-video-preview:-1\" \/>\n<link rel=\"canonical\" href=\"https:\/\/anaitasunaikastola.eus\/es\/oferta-educativa\/actividades-complementarias\/\" \/>\n<meta property=\"og:locale\" content=\"es_ES\" \/>\n<meta property=\"og:type\" content=\"article\" \/>\n<meta property=\"og:title\" content=\"Actividades complementarias - Anaitasuna Ikastola\" \/>\n<meta property=\"og:description\" content=\"A lo largo del curso complementamos el d\u00eda a d\u00eda con diferentes actividades. Realizamos salidas relacionadas con los proyectos del centro. Estancias en diferentes niveles (Lekeitio, Lurraska, Sukarrieta, Zuhatza, esqu\u00ed\u2026) Llevamos a\u00f1os realizando cursos de nataci\u00f3n con alumnos de EP 1 a EP 6. Y c\u00f3mo no, aprovechamos la oportunidad que nos brinda nuestro entorno [&hellip;]\" \/>\n<meta property=\"og:url\" content=\"https:\/\/anaitasunaikastola.eus\/es\/oferta-educativa\/actividades-complementarias\/\" \/>\n<meta property=\"og:site_name\" content=\"Anaitasuna Ikastola\" \/>\n<meta property=\"article:modified_time\" content=\"2023-06-20T09:35:52+00:00\" \/>\n<meta property=\"og:image\" content=\"https:\/\/anaitasunaikastola.eus\/wp-content\/uploads\/2023\/06\/goi-fondoa.png\" \/>\n\t<meta property=\"og:image:width\" content=\"2030\" \/>\n\t<meta property=\"og:image:height\" content=\"90\" \/>\n\t<meta property=\"og:image:type\" content=\"image\/png\" \/>\n<meta name=\"twitter:card\" content=\"summary_large_image\" \/>\n<meta name=\"twitter:label1\" content=\"Tiempo de lectura\" \/>\n\t<meta name=\"twitter:data1\" content=\"1 minuto\" \/>\n<script type=\"application\/ld+json\" class=\"yoast-schema-graph\">{\"@context\":\"https:\\\/\\\/schema.org\",\"@graph\":[{\"@type\":\"WebPage\",\"@id\":\"https:\\\/\\\/anaitasunaikastola.eus\\\/es\\\/oferta-educativa\\\/actividades-complementarias\\\/\",\"url\":\"https:\\\/\\\/anaitasunaikastola.eus\\\/es\\\/oferta-educativa\\\/actividades-complementarias\\\/\",\"name\":\"Actividades complementarias - Anaitasuna Ikastola\",\"isPartOf\":{\"@id\":\"https:\\\/\\\/anaitasunaikastola.eus\\\/es\\\/#website\"},\"primaryImageOfPage\":{\"@id\":\"https:\\\/\\\/anaitasunaikastola.eus\\\/es\\\/oferta-educativa\\\/actividades-complementarias\\\/#primaryimage\"},\"image\":{\"@id\":\"https:\\\/\\\/anaitasunaikastola.eus\\\/es\\\/oferta-educativa\\\/actividades-complementarias\\\/#primaryimage\"},\"thumbnailUrl\":\"https:\\\/\\\/anaitasunaikastola.eus\\\/wp-content\\\/uploads\\\/2023\\\/06\\\/goi-fondoa.png\",\"datePublished\":\"2023-06-20T09:35:49+00:00\",\"dateModified\":\"2023-06-20T09:35:52+00:00\",\"breadcrumb\":{\"@id\":\"https:\\\/\\\/anaitasunaikastola.eus\\\/es\\\/oferta-educativa\\\/actividades-complementarias\\\/#breadcrumb\"},\"inLanguage\":\"es\",\"potentialAction\":[{\"@type\":\"ReadAction\",\"target\":[\"https:\\\/\\\/anaitasunaikastola.eus\\\/es\\\/oferta-educativa\\\/actividades-complementarias\\\/\"]}]},{\"@type\":\"ImageObject\",\"inLanguage\":\"es\",\"@id\":\"https:\\\/\\\/anaitasunaikastola.eus\\\/es\\\/oferta-educativa\\\/actividades-complementarias\\\/#primaryimage\",\"url\":\"https:\\\/\\\/anaitasunaikastola.eus\\\/wp-content\\\/uploads\\\/2023\\\/06\\\/goi-fondoa.png\",\"contentUrl\":\"https:\\\/\\\/anaitasunaikastola.eus\\\/wp-content\\\/uploads\\\/2023\\\/06\\\/goi-fondoa.png\",\"width\":2030,\"height\":90},{\"@type\":\"BreadcrumbList\",\"@id\":\"https:\\\/\\\/anaitasunaikastola.eus\\\/es\\\/oferta-educativa\\\/actividades-complementarias\\\/#breadcrumb\",\"itemListElement\":[{\"@type\":\"ListItem\",\"position\":1,\"name\":\"Home\",\"item\":\"https:\\\/\\\/anaitasunaikastola.eus\\\/es\\\/\"},{\"@type\":\"ListItem\",\"position\":2,\"name\":\"Actividades complementarias\"}]},{\"@type\":\"WebSite\",\"@id\":\"https:\\\/\\\/anaitasunaikastola.eus\\\/es\\\/#website\",\"url\":\"https:\\\/\\\/anaitasunaikastola.eus\\\/es\\\/\",\"name\":\"Anaitasuna Ikastola\",\"description\":\"HLH ikastolako webgunea \u00b7 Ermua\",\"potentialAction\":[{\"@type\":\"SearchAction\",\"target\":{\"@type\":\"EntryPoint\",\"urlTemplate\":\"https:\\\/\\\/anaitasunaikastola.eus\\\/es\\\/?s={search_term_string}\"},\"query-input\":{\"@type\":\"PropertyValueSpecification\",\"valueRequired\":true,\"valueName\":\"search_term_string\"}}],\"inLanguage\":\"es\"}]}<\/script>\n<!-- \/ Yoast SEO plugin. -->","yoast_head_json":{"title":"Actividades complementarias - Anaitasuna Ikastola","robots":{"index":"index","follow":"follow","max-snippet":"max-snippet:-1","max-image-preview":"max-image-preview:large","max-video-preview":"max-video-preview:-1"},"canonical":"https:\/\/anaitasunaikastola.eus\/es\/oferta-educativa\/actividades-complementarias\/","og_locale":"es_ES","og_type":"article","og_title":"Actividades complementarias - Anaitasuna Ikastola","og_description":"A lo largo del curso complementamos el d\u00eda a d\u00eda con diferentes actividades. Realizamos salidas relacionadas con los proyectos del centro. Estancias en diferentes niveles (Lekeitio, Lurraska, Sukarrieta, Zuhatza, esqu\u00ed\u2026) Llevamos a\u00f1os realizando cursos de nataci\u00f3n con alumnos de EP 1 a EP 6. Y c\u00f3mo no, aprovechamos la oportunidad que nos brinda nuestro entorno [&hellip;]","og_url":"https:\/\/anaitasunaikastola.eus\/es\/oferta-educativa\/actividades-complementarias\/","og_site_name":"Anaitasuna Ikastola","article_modified_time":"2023-06-20T09:35:52+00:00","og_image":[{"width":2030,"height":90,"url":"https:\/\/anaitasunaikastola.eus\/wp-content\/uploads\/2023\/06\/goi-fondoa.png","type":"image\/png"}],"twitter_card":"summary_large_image","twitter_misc":{"Tiempo de lectura":"1 minuto"},"schema":{"@context":"https:\/\/schema.org","@graph":[{"@type":"WebPage","@id":"https:\/\/anaitasunaikastola.eus\/es\/oferta-educativa\/actividades-complementarias\/","url":"https:\/\/anaitasunaikastola.eus\/es\/oferta-educativa\/actividades-complementarias\/","name":"Actividades complementarias - Anaitasuna Ikastola","isPartOf":{"@id":"https:\/\/anaitasunaikastola.eus\/es\/#website"},"primaryImageOfPage":{"@id":"https:\/\/anaitasunaikastola.eus\/es\/oferta-educativa\/actividades-complementarias\/#primaryimage"},"image":{"@id":"https:\/\/anaitasunaikastola.eus\/es\/oferta-educativa\/actividades-complementarias\/#primaryimage"},"thumbnailUrl":"https:\/\/anaitasunaikastola.eus\/wp-content\/uploads\/2023\/06\/goi-fondoa.png","datePublished":"2023-06-20T09:35:49+00:00","dateModified":"2023-06-20T09:35:52+00:00","breadcrumb":{"@id":"https:\/\/anaitasunaikastola.eus\/es\/oferta-educativa\/actividades-complementarias\/#breadcrumb"},"inLanguage":"es","potentialAction":[{"@type":"ReadAction","target":["https:\/\/anaitasunaikastola.eus\/es\/oferta-educativa\/actividades-complementarias\/"]}]},{"@type":"ImageObject","inLanguage":"es","@id":"https:\/\/anaitasunaikastola.eus\/es\/oferta-educativa\/actividades-complementarias\/#primaryimage","url":"https:\/\/anaitasunaikastola.eus\/wp-content\/uploads\/2023\/06\/goi-fondoa.png","contentUrl":"https:\/\/anaitasunaikastola.eus\/wp-content\/uploads\/2023\/06\/goi-fondoa.png","width":2030,"height":90},{"@type":"BreadcrumbList","@id":"https:\/\/anaitasunaikastola.eus\/es\/oferta-educativa\/actividades-complementarias\/#breadcrumb","itemListElement":[{"@type":"ListItem","position":1,"name":"Home","item":"https:\/\/anaitasunaikastola.eus\/es\/"},{"@type":"ListItem","position":2,"name":"Actividades complementarias"}]},{"@type":"WebSite","@id":"https:\/\/anaitasunaikastola.eus\/es\/#website","url":"https:\/\/anaitasunaikastola.eus\/es\/","name":"Anaitasuna Ikastola","description":"HLH ikastolako webgunea \u00b7 Ermua","potentialAction":[{"@type":"SearchAction","target":{"@type":"EntryPoint","urlTemplate":"https:\/\/anaitasunaikastola.eus\/es\/?s={search_term_string}"},"query-input":{"@type":"PropertyValueSpecification","valueRequired":true,"valueName":"search_term_string"}}],"inLanguage":"es"}]}},"_links":{"self":[{"href":"https:\/\/anaitasunaikastola.eus\/es\/wp-json\/wp\/v2\/pages\/1616","targetHints":{"allow":["GET"]}}],"collection":[{"href":"https:\/\/anaitasunaikastola.eus\/es\/wp-json\/wp\/v2\/pages"}],"about":[{"href":"https:\/\/anaitasunaikastola.eus\/es\/wp-json\/wp\/v2\/types\/page"}],"author":[{"embeddable":true,"href":"https:\/\/anaitasunaikastola.eus\/es\/wp-json\/wp\/v2\/users\/1"}],"replies":[{"embeddable":true,"href":"https:\/\/anaitasunaikastola.eus\/es\/wp-json\/wp\/v2\/comments?post=1616"}],"version-history":[{"count":4,"href":"https:\/\/anaitasunaikastola.eus\/es\/wp-json\/wp\/v2\/pages\/1616\/revisions"}],"predecessor-version":[{"id":1621,"href":"https:\/\/anaitasunaikastola.eus\/es\/wp-json\/wp\/v2\/pages\/1616\/revisions\/1621"}],"up":[{"embeddable":true,"href":"https:\/\/anaitasunaikastola.eus\/es\/wp-json\/wp\/v2\/pages\/1692"}],"wp:featuredmedia":[{"embeddable":true,"href":"https:\/\/anaitasunaikastola.eus\/es\/wp-json\/wp\/v2\/media\/1323"}],"wp:attachment":[{"href":"https:\/\/anaitasunaikastola.eus\/es\/wp-json\/wp\/v2\/media?parent=1616"}],"curies":[{"name":"wp","href":"https:\/\/api.w.org\/{rel}","templated":true}]}}