{"id":1826,"date":"2023-06-21T09:58:31","date_gmt":"2023-06-21T07:58:31","guid":{"rendered":"https:\/\/anaitasunaikastola.eus\/?page_id=1826"},"modified":"2023-06-21T11:36:02","modified_gmt":"2023-06-21T09:36:02","slug":"politica-de-privacidad","status":"publish","type":"page","link":"https:\/\/anaitasunaikastola.eus\/es\/politica-de-privacidad\/","title":{"rendered":"Pol\u00edtica de privacidad"},"content":{"rendered":"<p>[et_pb_section][et_pb_row][et_pb_column type=\u00bb4_4&#8243;][et_pb_text]<\/p>\n<div>\n<h2 style=\"text-align: justify;\"><span style=\"text-decoration: underline;\"><strong>Pol\u00edtica de Privacidad \u2013 Protecci\u00f3n de datos de car\u00e1cter personal<\/strong><\/span><\/h2>\n<h3 style=\"text-align: left;\"><strong>1. Introducci\u00f3n<\/strong><\/h3>\n<p style=\"text-align: left;\">En cumplimiento con la Ley Org\u00e1nica 15\/1999, de 13 de diciembre, sobre Protecci\u00f3n de Datos de Car\u00e1cter Personal (en adelante \u201cLOPD\u201d) y su normativa de desarrollo, se informa a los usuarios que los datos de car\u00e1cter personal que faciliten mediante correo electr\u00f3nico, enviados a trav\u00e9s de formularios web, \u00e1reas privadas o por cualquier otro medio ubicado en este sitio web ser\u00e1n incorporados a ficheros titularidad de Anaitasuna Ikastola (Responsable del Fichero), con la finalidad de atender a las consultas y solicitudes recibidas, contactar con usted, gestionar los servicios solicitados, las relaciones con los usuarios y las funciones leg\u00edtimas propias de su actividad.<\/p>\n<p style=\"text-align: left;\">El tratamiento de sus datos personales se realizar\u00e1 de manera confidencial. Anaitasuna Ikastola est\u00e1 comprometida con la privacidad y la protecci\u00f3n de los datos personales de los usuarios y utiliza todos los recursos a su alcance para garantizar la seguridad y privacidad de los interesados.<\/p>\n<p style=\"text-align: left;\">Este sitio web ofrece enlaces a redes sociales y sitios y canales web externos, como Facebook y Twitter, entre otros. Anaitasuna Ikastola no asume ninguna responsabilidad en relaci\u00f3n con estos sitios enlazados. El usuario que acceda a redes sociales y sitios y canales web externos, relacionados con Anaitasuna Ikastola, desde los enlaces ubicados en este sitio web o de cualquier otra forma, queda previa y expresamente informado de que las condiciones de uso, pol\u00edticas de privacidad, pol\u00edticas de cookies y cualesquiera condiciones y\/o normativas dependen de las entidades responsables de dichas redes sociales y sitios y canales web.<\/p>\n<p style=\"text-align: left;\">Anaitasuna Ikastola recomienda a los usuarios que consulten los diferentes materiales que en relaci\u00f3n con la protecci\u00f3n de datos personales de ni\u00f1os y j\u00f3venes ha desarrollado la Agencia Vasca de Protecci\u00f3n de Datos. Esta informaci\u00f3n (manuales de uso de nuevas tecnolog\u00edas, videos educativos, etc.) se encuentra disponible en www.kontuzdatos.info .<\/p>\n<h3 style=\"text-align: left;\"><strong>2. Recogida de datos de car\u00e1cter personal<\/strong><\/h3>\n<p style=\"text-align: left;\">Anaitasuna Ikastola no requiere que proporcione datos de car\u00e1cter personal para acceder al sitio web, no obstante, existen formularios, cuyo uso requiere que el usuario facilite datos personales. El usuario aporta sus datos personales de forma libre y voluntaria. Anaitasuna Ikastola no solicita m\u00e1s informaci\u00f3n personal que la que es necesaria para recibir el servicio solicitado.<\/p>\n<p style=\"text-align: left;\">El usuario que incluya en este sitio web cualquier tipo de contenido (datos, textos, v\u00eddeos, sonido, fotograf\u00edas, gr\u00e1ficos, mensajes u otro material) declara y garantiza hacerlo de modo que se ajuste a las condiciones aqu\u00ed expresadas.<\/p>\n<p style=\"text-align: left;\">El usuario que incluya datos personales de terceros declara que cuenta con el consentimiento informado previo y expreso de estos para la publicaci\u00f3n de los mismos.<\/p>\n<p style=\"text-align: left;\">El usuario es el \u00fanico responsable de la veracidad y correcci\u00f3n de los datos incluidos, exoner\u00e1ndose Anaitasuna Ikastola de cualquier responsabilidad al respecto. Los usuarios garantizan y responden, en cualquier caso, de la exactitud, vigencia y autenticidad de los datos personales facilitados, y se comprometen a mantenerlos debidamente actualizados.<\/p>\n<p style=\"text-align: left;\">Anaitasuna Ikastola no solicitar\u00e1 ning\u00fan tipo de dato personal a menores de edad. Todos los datos personales ser\u00e1n recabados por los padres o tutores legales de los mismos. Anaitasuna Ikastola recomienda a los padres y tutores legales que gu\u00eden a sus hijos en la navegaci\u00f3n a trav\u00e9s de este sitio web. Solo un uso responsable del mismo permite una navegaci\u00f3n segura.<\/p>\n<p style=\"text-align: left;\">El env\u00edo de informaci\u00f3n a trav\u00e9s de este sitio web conlleva necesariamente la autorizaci\u00f3n expresa para los tratamientos de datos descritos en esta pol\u00edtica de privacidad y en las condiciones generales del sitio web.<\/p>\n<h3 style=\"text-align: left;\"><strong>3. Derechos de los interesados<\/strong><\/h3>\n<p style=\"text-align: left;\">Puede ejercitar los derechos de acceso, rectificaci\u00f3n, cancelaci\u00f3n y oposici\u00f3n dirigi\u00e9ndose por escrito al Responsable del Fichero, Anaitasuna Ikastola, en C\/ Ongarai \u2013\u00a0 Ermua (Vizcaya), tel\u00e9fono 943171033 o bien a trav\u00e9s de la direcci\u00f3n de correo electr\u00f3nico <a href=\"mailto:014520aa@hezkuntza.net\">014520aa@hezkuntza.net<\/a> La solicitud deber\u00e1 llevar adjunta copia de documento de acreditativo de la identidad del solicitante (DNI).<\/p>\n<p style=\"text-align: left;\">En caso de realizar la solicitud en su condici\u00f3n de representante legal, deber\u00e1 adjuntar, adem\u00e1s de la fotocopia del Documento de Identidad, un documento acreditativo de tal representaci\u00f3n.<\/p>\n<h3 style=\"text-align: left;\"><strong>4. Medidas de seguridad<\/strong><\/h3>\n<p style=\"text-align: left;\">Anaitasuna Ikastola tratar\u00e1 los datos de car\u00e1cter personal contenidos en sus ficheros adoptando las medidas de \u00edndole t\u00e9cnica y organizativa que sean necesarias para garantizar su seguridad y evitar su alteraci\u00f3n, p\u00e9rdida, tratamiento o acceso no autorizado, habida cuenta del estado de la tecnolog\u00eda, la naturaleza de los datos almacenados y los riesgos a que est\u00e1n expuestos, ya provengan de la acci\u00f3n humana o del medio f\u00edsico o natural, de acuerdo con la legislaci\u00f3n vigente que resulte de aplicaci\u00f3n en materia de medidas de seguridad de los ficheros que contengan datos de car\u00e1cter personal, particularmente por la LOPD y su normativa de desarrollo. Sin embargo, los usuarios son informados de que las medidas de seguridad inform\u00e1tica no son inexpugnables y no se est\u00e1 a salvo de posibles intromisiones ilegales e indebidas, que no ser\u00edan responsabilidad de Anaitasuna Ikastola.<\/p>\n<h3 style=\"text-align: left;\"><\/h3>\n<h3 style=\"text-align: left;\"><strong>5. Datos de Tr\u00e1fico<\/strong><\/h3>\n<p style=\"text-align: left;\">Con la finalidad de ofrecer un mejor servicio a trav\u00e9s de este sitio web, se puede registrar la direcci\u00f3n IP del usuario, permiti\u00e9ndose as\u00ed el posterior procesamiento de los datos con el fin de analizar entre otros el n\u00famero de p\u00e1ginas visitadas, el n\u00famero de visitas, as\u00ed como la actividad de los visitantes\/usuarios del sitio web, y su frecuencia de utilizaci\u00f3n.<\/p>\n<p style=\"text-align: left;\">El Usuario da su consentimiento previo e informado al registro de su IP durante la conexi\u00f3n y navegaci\u00f3n en el sitio web, sin que sea necesario solicitarlo cada vez que acceda a este sitio web.<\/p>\n<p style=\"text-align: left;\">Con la finalidad ya mencionada, este sitio est\u00e1 siendo medido y analizado con Google Analytics y\/o herramientas similares, que pueden utilizar marcas en las p\u00e1ginas y cookies para analizar lo que sucede en las diferentes p\u00e1ginas del sitio web de Anaitasuna Ikastola.<\/p>\n<h3 style=\"text-align: left;\"><strong>6. Vigencia<\/strong><\/h3>\n<p style=\"text-align: left;\">Anaitasuna Ikastola se reserva el derecho de modificar su pol\u00edtica de privacidad de acuerdo a su criterio, a cambios legislativos o jurisprudenciales. Si Anaitasuna Ikastola introdujera alguna modificaci\u00f3n, el nuevo texto ser\u00e1 publicado en este mismo sitio web, donde el usuario podr\u00e1 tener conocimiento de la misma. En cualquier caso, la relaci\u00f3n con los usuarios se regir\u00e1 por las normas previstas en el momento preciso en que se accede al sitio web. Es por ello que Anaitasuna Ikastola le recomienda visitar esta pol\u00edtica de privacidad cada vez que se conecte al sitio web.<\/p>\n<\/div>\n<p>[\/et_pb_text][\/et_pb_column][\/et_pb_row][\/et_pb_section]<\/p>\n","protected":false},"excerpt":{"rendered":"<p>[et_pb_section][et_pb_row][et_pb_column type=\u00bb4_4&#8243;][et_pb_text] Pol\u00edtica de Privacidad \u2013 Protecci\u00f3n de datos de car\u00e1cter personal 1. Introducci\u00f3n En cumplimiento con la Ley Org\u00e1nica 15\/1999, de 13 de diciembre, sobre Protecci\u00f3n de Datos de Car\u00e1cter Personal (en adelante \u201cLOPD\u201d) y su normativa de desarrollo, se informa a los usuarios que los datos de car\u00e1cter personal que faciliten mediante correo [&hellip;]<\/p>\n","protected":false},"author":1,"featured_media":0,"parent":0,"menu_order":0,"comment_status":"closed","ping_status":"closed","template":"","meta":{"_et_pb_use_builder":"","_et_pb_old_content":"<p>[et_pb_section][et_pb_row][et_pb_column type=\"4_4\"][et_pb_text]<\/p><div><h2 style=\"text-align: justify;\"><span style=\"text-decoration: underline;\"><strong>Pribatutasun Politika \u2013 Datu Pertsonalen Babesa<\/strong><\/span><\/h2><h3 style=\"text-align: left;\"><strong>1. Atarikoa<\/strong><\/h3><p style=\"text-align: left;\">Datu Pertsonalak Babesteko abenduaren 13ko 15\/1999 Lege Organikoa (aurrerantzean, DBLO) eta bere arautegiaren arabera, erabiltzaileei jakinarazi nahi zaie web gune honen bidez ematen dituzten datu pertsonalak Anaitasuna Ikastolaren fitxategietan jasoko direla, horixe baita Fitxategiaren Erantzulea. Hala, jasotako kontsultei eta eskaerei erantzuteko, erabiltzailearekin harremanetan jartzeko, eskatutako zerbitzuen kudeaketa-lana egiteko, harremanetarako eta bere jarduerari legez dagozkion funtzio guztiak egiteko erabiliko dira.<\/p><p style=\"text-align: left;\">Erabiltzaileen datu pertsonalak isilpean erabiliko dira. Anaitasuna Ikastolak erabiltzaileen datu pertsonalak pribatutasunez erabiltzeko eta horiek babesteko konpromisoa dauka; hala, eskura dituen baliabide guztiak erabiltzen ditu, interesdunen segurtasuna eta pribatutasuna bermatzeko.<\/p><p style=\"text-align: left;\">Web guneak kanpoko beste web gune eta kanal eta sare sozial batzuetarako estekak eskaintzen ditu (esate baterako, Facebook, Twitter, e.a.). Anaitasuna Ikastolak ez du bere gain hartzen estekatutako gune horietako erantzukizunik. Anaitasuna Ikastolak erabiltzaileari jakinarazi nahi dio, kanpoko web gune eta kanal eta sare sozial hauetan sartu nahi badu, Anaitasuna Ikastolak eskainitako estekak erabiliz edo ez, kanpoko web gune horien erabilera baldintzak, pribatutasun politikak, cookie politikak edo bestelako baldintzak edo\/eta arauak web gune horien arduradunen erantzukizunak dira.<\/p><p style=\"text-align: left;\">Anaitasuna Ikastolak erabiltzaileei gomendatzen die begira ditzatela haurren eta gazteen datu pertsonalen babesari buruz Datuak Babesteko Euskal Bulegoak argitaratutako hainbat material. Informazio hori guztia (teknologia berrien erabilerari buruzko eskuliburuak, bideo hezitzaileak, etab.), hain zuzen, www.kontuzdatos.info helbidean dago ikusgai.<\/p><h3 style=\"text-align: left;\"><strong>2. Datu pertsonalak biltzea<\/strong><\/h3><p style=\"text-align: left;\">Anaitasuna Ikastolak ez dio erabiltzaileari datu pertsonalak emateko eskatzen, bere web gunean sartzeko; alabaina, zerbitzu batzuk erabiltzeko, esate baterako formularioak, ezinbestekoa da erabiltzaileak datu pertsonalak ematea. Erabiltzaileak era askean eta borondatez emango ditu bere datuak. Anaitasuna Ikastolak erabiltzaileak eskatutako zerbitzua jasotzeko beharrezkoa den informazio pertsonala baino ez du eskatuko.<\/p><p style=\"text-align: left;\">Web gune honetan edozein eratako edukiak (datuak, testuak, bideoak, soinua, argazkiak, grafikoak, mezuak edo bestelako materiala) txertatzen dituen erabiltzaileak adierazi eta bermatu behar du hemen adierazitako baldintzen arabera egingo duela.<\/p><p style=\"text-align: left;\">Hirugarrenen datu pertsonalak gehitzen dituen erabiltzaileak adierazi behar du pertsona horien aurretiko eta informatutako baimen zehatza daukala datuak argitaratzeko.<\/p><p style=\"text-align: left;\">Erabiltzailearen ardura eta beharra izango da emandako datuen zehaztasuna, zuzentasuna eta egiazkotasuna bermatzea eta, behar den kasuetan, datu hauek eguneratzea. Anaitasuna Ikastolak ez du honen inguruko erantzukizunik hartuko bere gainean.<\/p><p style=\"text-align: left;\">Anaitasuna Ikastolak ez die inolako datu pertsonalik eskatuko adingabeei. Datu pertsonal guztiak haurren tutore edo gurasoenak izango dira. Anaitasuna Ikastolak gurasoei eta legezko tutoreei gomendatzen die web gune honetan nabigatzen laguntzeko euren seme-alabei. Orria erantzukizunez erabiliz gero baino ez baikara seguru ibiliko.<\/p><p style=\"text-align: left;\">Web gune honen bitartez informazioa bidali behar bada, ezinbestekoa da honako pribatutasun politika honetan eta web gunearen baldintza orokorretan deskribatutako datuen tratamendurako baimena ematea.<\/p><h3 style=\"text-align: left;\"><strong>3. Interesdunen eskubideak<\/strong><\/h3><p style=\"text-align: left;\">Anaitasuna Ikastolak erabiltzaileari gogorarazi nahi dio edonoiz erabil ditzakeela datuetan sartzeko, datuak aldatzeko zein ezeztatzeko eta tratamenduari aurka egiteko eskubideak. Horretarako, idatzia bidali beharko dio Fitxategiaren Erantzuleari: Ongarai kalea, 18 \u2013 Ermua (Bizkaia), telefonoa: 943171033 edo, bestela, <a href=\"mailto:014520aa@hezkuntza.net\" target=\"_blank\" rel=\"noopener\">014520aa@hezkuntza.net<\/a> helbide elektronikoaren bitartez. Eskaerarekin batera, interesdunaren Nortasun Agiriaren fotokopia bidali beharko da.<\/p><p style=\"text-align: left;\">Eskaera lege-ordezkari moduan egiten badu, berriz, Nortasun Agiriaren fotokopia ez ezik, ordezkaritza horren egiaztagiria ere bidali beharko du.<\/p><h3 style=\"text-align: left;\"><strong>4. Segurtasun-neurriak<\/strong><\/h3><p style=\"text-align: left;\">Anaitasuna Ikastolak, bere fitxategietako datu pertsonalak erabiltzean, datuen segurtasuna bermatzeko eta horiek aldatzea, galtzea edo baimenik gabe erabiltzea saihesteko beharrezkoak diren neurri tekniko eta antolamendu neurriak hartuko ditu. Betiere, teknologia-egoera, bildutako datuen izaera eta horiek izan ditzaketen arriskuak kontuan izanda; bai giza jardunak eragindakoak, bai ingurune fisiko zein naturalak eragindakoak. Horretarako, aintzat hartuko du datu pertsonalak biltzen dituzten fitxategien segurtasun neurriak aplikatzeari buruz indarrean den legedia; batez ere, DBLO eta beronen garapenerako araudia. Nolanahi ere, erabiltzaileei argi adieraziko zaie segurtasun-neurri informatikoak ez direla erasoezinak, eta ondorioz, gerta litezkeela legez kanpoko esku-hartze edo esku-hartze bidegabeak, baina ez liratekeela Anaitasuna Ikastolaren erantzukizunpekoak.<\/p><h3 style=\"text-align: left;\">\u00a0<\/h3><h3 style=\"text-align: left;\"><strong>5. Trafiko datuak<\/strong><\/h3><p style=\"text-align: left;\">Anaitasuna Ikastolaren web guneak, zerbitzu hobea eskaintzeko asmoz, erabiltzailearen IP helbidea erregistratu dezake. Era horretan, gerora, datuak prozesatu ahal izango dira, esate baterako, ikusitako orrialdeen kopurua, bisiten kopurua eta web-orriko bisitarien jarduera eta erabilera-maiztasuna zein izan den aztertzeko.<\/p><p style=\"text-align: left;\">Erabiltzaileak aurretiko baimena ematen dio Anaitasuna Ikastolari bere IP helbidea tratatzeko web gune honetan sartzen denean. Horrela, ez da beharrezkoa izango baimen hau jasotzea web gunean sartzen den bakoitzean.<\/p><p style=\"text-align: left;\">Aipatutako helburua lortzeko, Google Analytics-ekin ari gara web gune hau neurtzen eta aztertzen. Aztertzaile horrek orrialdeetako markak eta cookieak erabili ahal izango ditu, Anaitasuna Ikastolaren web guneko orrialdeetan gertatzen dena aztertu ahal izateko.<\/p><h3 style=\"text-align: left;\"><strong>6. Indarraldia<\/strong><\/h3><p style=\"text-align: left;\">Anaitasuna Ikastolak beretzat gordetzen du bere pribatutasun-politika aldatzeko eskubidea, bai ordura arteko irizpideak aldatu dituelako, bai lege- edo jurisprudentzia-aldaketak izan direlako. Anaitasuna Ikastolak aldaketaren bat eginez gero, ordea, testu berria web gune berean argitaratuko du, eta erabiltzailea berehala ohartuko da. Dena den, erabiltzailea web gunean sartzen den unean bertan aurreikusita dauden arauek arautuko dute erabiltzaileekiko harremana. Horregatik, Anaitasuna Ikastolak gomendatzen dizu aldian-aldian sartzeko pribatutasun-politika horretara.<\/p><\/div><p>[\/et_pb_text][\/et_pb_column][\/et_pb_row][\/et_pb_section]<\/p>","_et_gb_content_width":"","footnotes":""},"class_list":["post-1826","page","type-page","status-publish","hentry"],"yoast_head":"<!-- This site is optimized with the Yoast SEO plugin v27.3 - https:\/\/yoast.com\/product\/yoast-seo-wordpress\/ -->\n<title>Pol\u00edtica de privacidad - Anaitasuna Ikastola<\/title>\n<meta name=\"robots\" content=\"index, follow, max-snippet:-1, max-image-preview:large, max-video-preview:-1\" \/>\n<link rel=\"canonical\" href=\"https:\/\/anaitasunaikastola.eus\/es\/politica-de-privacidad\/\" \/>\n<meta property=\"og:locale\" content=\"es_ES\" \/>\n<meta property=\"og:type\" content=\"article\" \/>\n<meta property=\"og:title\" content=\"Pol\u00edtica de privacidad - Anaitasuna Ikastola\" \/>\n<meta property=\"og:description\" content=\"[et_pb_section][et_pb_row][et_pb_column type=\u00bb4_4&#8243;][et_pb_text] Pol\u00edtica de Privacidad \u2013 Protecci\u00f3n de datos de car\u00e1cter personal 1. Introducci\u00f3n En cumplimiento con la Ley Org\u00e1nica 15\/1999, de 13 de diciembre, sobre Protecci\u00f3n de Datos de Car\u00e1cter Personal (en adelante \u201cLOPD\u201d) y su normativa de desarrollo, se informa a los usuarios que los datos de car\u00e1cter personal que faciliten mediante correo [&hellip;]\" \/>\n<meta property=\"og:url\" content=\"https:\/\/anaitasunaikastola.eus\/es\/politica-de-privacidad\/\" \/>\n<meta property=\"og:site_name\" content=\"Anaitasuna Ikastola\" \/>\n<meta property=\"article:modified_time\" content=\"2023-06-21T09:36:02+00:00\" \/>\n<meta name=\"twitter:card\" content=\"summary_large_image\" \/>\n<meta name=\"twitter:label1\" content=\"Tiempo de lectura\" \/>\n\t<meta name=\"twitter:data1\" content=\"6 minutos\" \/>\n<script type=\"application\/ld+json\" class=\"yoast-schema-graph\">{\"@context\":\"https:\\\/\\\/schema.org\",\"@graph\":[{\"@type\":\"WebPage\",\"@id\":\"https:\\\/\\\/anaitasunaikastola.eus\\\/es\\\/politica-de-privacidad\\\/\",\"url\":\"https:\\\/\\\/anaitasunaikastola.eus\\\/es\\\/politica-de-privacidad\\\/\",\"name\":\"Pol\u00edtica de privacidad - Anaitasuna Ikastola\",\"isPartOf\":{\"@id\":\"https:\\\/\\\/anaitasunaikastola.eus\\\/es\\\/#website\"},\"datePublished\":\"2023-06-21T07:58:31+00:00\",\"dateModified\":\"2023-06-21T09:36:02+00:00\",\"breadcrumb\":{\"@id\":\"https:\\\/\\\/anaitasunaikastola.eus\\\/es\\\/politica-de-privacidad\\\/#breadcrumb\"},\"inLanguage\":\"es\",\"potentialAction\":[{\"@type\":\"ReadAction\",\"target\":[\"https:\\\/\\\/anaitasunaikastola.eus\\\/es\\\/politica-de-privacidad\\\/\"]}]},{\"@type\":\"BreadcrumbList\",\"@id\":\"https:\\\/\\\/anaitasunaikastola.eus\\\/es\\\/politica-de-privacidad\\\/#breadcrumb\",\"itemListElement\":[{\"@type\":\"ListItem\",\"position\":1,\"name\":\"Home\",\"item\":\"https:\\\/\\\/anaitasunaikastola.eus\\\/es\\\/\"},{\"@type\":\"ListItem\",\"position\":2,\"name\":\"Pol\u00edtica de privacidad\"}]},{\"@type\":\"WebSite\",\"@id\":\"https:\\\/\\\/anaitasunaikastola.eus\\\/es\\\/#website\",\"url\":\"https:\\\/\\\/anaitasunaikastola.eus\\\/es\\\/\",\"name\":\"Anaitasuna Ikastola\",\"description\":\"HLH ikastolako webgunea \u00b7 Ermua\",\"potentialAction\":[{\"@type\":\"SearchAction\",\"target\":{\"@type\":\"EntryPoint\",\"urlTemplate\":\"https:\\\/\\\/anaitasunaikastola.eus\\\/es\\\/?s={search_term_string}\"},\"query-input\":{\"@type\":\"PropertyValueSpecification\",\"valueRequired\":true,\"valueName\":\"search_term_string\"}}],\"inLanguage\":\"es\"}]}<\/script>\n<!-- \/ Yoast SEO plugin. -->","yoast_head_json":{"title":"Pol\u00edtica de privacidad - Anaitasuna Ikastola","robots":{"index":"index","follow":"follow","max-snippet":"max-snippet:-1","max-image-preview":"max-image-preview:large","max-video-preview":"max-video-preview:-1"},"canonical":"https:\/\/anaitasunaikastola.eus\/es\/politica-de-privacidad\/","og_locale":"es_ES","og_type":"article","og_title":"Pol\u00edtica de privacidad - Anaitasuna Ikastola","og_description":"[et_pb_section][et_pb_row][et_pb_column type=\u00bb4_4&#8243;][et_pb_text] Pol\u00edtica de Privacidad \u2013 Protecci\u00f3n de datos de car\u00e1cter personal 1. Introducci\u00f3n En cumplimiento con la Ley Org\u00e1nica 15\/1999, de 13 de diciembre, sobre Protecci\u00f3n de Datos de Car\u00e1cter Personal (en adelante \u201cLOPD\u201d) y su normativa de desarrollo, se informa a los usuarios que los datos de car\u00e1cter personal que faciliten mediante correo [&hellip;]","og_url":"https:\/\/anaitasunaikastola.eus\/es\/politica-de-privacidad\/","og_site_name":"Anaitasuna Ikastola","article_modified_time":"2023-06-21T09:36:02+00:00","twitter_card":"summary_large_image","twitter_misc":{"Tiempo de lectura":"6 minutos"},"schema":{"@context":"https:\/\/schema.org","@graph":[{"@type":"WebPage","@id":"https:\/\/anaitasunaikastola.eus\/es\/politica-de-privacidad\/","url":"https:\/\/anaitasunaikastola.eus\/es\/politica-de-privacidad\/","name":"Pol\u00edtica de privacidad - Anaitasuna Ikastola","isPartOf":{"@id":"https:\/\/anaitasunaikastola.eus\/es\/#website"},"datePublished":"2023-06-21T07:58:31+00:00","dateModified":"2023-06-21T09:36:02+00:00","breadcrumb":{"@id":"https:\/\/anaitasunaikastola.eus\/es\/politica-de-privacidad\/#breadcrumb"},"inLanguage":"es","potentialAction":[{"@type":"ReadAction","target":["https:\/\/anaitasunaikastola.eus\/es\/politica-de-privacidad\/"]}]},{"@type":"BreadcrumbList","@id":"https:\/\/anaitasunaikastola.eus\/es\/politica-de-privacidad\/#breadcrumb","itemListElement":[{"@type":"ListItem","position":1,"name":"Home","item":"https:\/\/anaitasunaikastola.eus\/es\/"},{"@type":"ListItem","position":2,"name":"Pol\u00edtica de privacidad"}]},{"@type":"WebSite","@id":"https:\/\/anaitasunaikastola.eus\/es\/#website","url":"https:\/\/anaitasunaikastola.eus\/es\/","name":"Anaitasuna Ikastola","description":"HLH ikastolako webgunea \u00b7 Ermua","potentialAction":[{"@type":"SearchAction","target":{"@type":"EntryPoint","urlTemplate":"https:\/\/anaitasunaikastola.eus\/es\/?s={search_term_string}"},"query-input":{"@type":"PropertyValueSpecification","valueRequired":true,"valueName":"search_term_string"}}],"inLanguage":"es"}]}},"_links":{"self":[{"href":"https:\/\/anaitasunaikastola.eus\/es\/wp-json\/wp\/v2\/pages\/1826","targetHints":{"allow":["GET"]}}],"collection":[{"href":"https:\/\/anaitasunaikastola.eus\/es\/wp-json\/wp\/v2\/pages"}],"about":[{"href":"https:\/\/anaitasunaikastola.eus\/es\/wp-json\/wp\/v2\/types\/page"}],"author":[{"embeddable":true,"href":"https:\/\/anaitasunaikastola.eus\/es\/wp-json\/wp\/v2\/users\/1"}],"replies":[{"embeddable":true,"href":"https:\/\/anaitasunaikastola.eus\/es\/wp-json\/wp\/v2\/comments?post=1826"}],"version-history":[{"count":3,"href":"https:\/\/anaitasunaikastola.eus\/es\/wp-json\/wp\/v2\/pages\/1826\/revisions"}],"predecessor-version":[{"id":1829,"href":"https:\/\/anaitasunaikastola.eus\/es\/wp-json\/wp\/v2\/pages\/1826\/revisions\/1829"}],"wp:attachment":[{"href":"https:\/\/anaitasunaikastola.eus\/es\/wp-json\/wp\/v2\/media?parent=1826"}],"curies":[{"name":"wp","href":"https:\/\/api.w.org\/{rel}","templated":true}]}}