{"id":1842,"date":"2023-06-21T10:42:01","date_gmt":"2023-06-21T08:42:01","guid":{"rendered":"https:\/\/anaitasunaikastola.eus\/?page_id=1842"},"modified":"2023-06-21T11:38:50","modified_gmt":"2023-06-21T09:38:50","slug":"aviso-legal","status":"publish","type":"page","link":"https:\/\/anaitasunaikastola.eus\/es\/aviso-legal\/","title":{"rendered":"Aviso Legal"},"content":{"rendered":"<p>[et_pb_section][et_pb_row][et_pb_column type=\u00bb4_4&#8243;][et_pb_text]<\/p>\n<div>\n<h2 style=\"text-align: justify;\"><span style=\"text-decoration: underline;\"><strong>Informaci\u00f3n Legal<\/strong><\/span><\/h2>\n<p style=\"text-align: justify;\">En cumplimiento de la Ley 34\/2002, de 11 de julio, de Servicios de la Sociedad de la Informaci\u00f3n y de Comercio Electr\u00f3nico, le informamos que el dominio de internet <a href=\"https:\/\/www.anaitasunaikastola.net\" target=\"_blank\" rel=\"noopener noreferrer\">www.anaitasunaikastola.net<\/a> es titularidad de Anaitasuna Ikastola (<span data-sheets-value=\"[null,2,&quot;S4833001C&quot;]\" data-sheets-userformat=\"[null,null,513,[null,0],null,null,null,null,null,null,null,null,0]\">S4833001C)<\/span>, con domicilio en C\/ Ongarai kalea &#8211; Ermua (Gipuzkoa), tel\u00e9fono <a href=\"tel:943171033\" target=\"_blank\" rel=\"noopener noreferrer\">943171033<\/a>, correo electr\u00f3nico <a href=\"mailto:014520aa@hezkuntza.net\" target=\"_blank\" rel=\"noopener noreferrer\">014520aa@hezkuntza.net<\/a>.<\/p>\n<h3 style=\"text-align: left;\"><strong>1. Condiciones Generales<\/strong><\/h3>\n<p><a href=\"https:\/\/www.anaitasunaikastola.net\" target=\"_blank\" rel=\"noopener noreferrer\">www.anaitasunaikastola.net<\/a>\u00a0(en adelante \u201cel sitio web\u201d) es un sitio web titularidad de Anaitasuna Ikastola. El usuario accede a este sitio web de forma voluntaria. El acceso a este sitio web tiene car\u00e1cter gratuito. La navegaci\u00f3n en este sitio web implica aceptar y conocer las advertencias legales, condiciones y t\u00e9rminos de uso y pol\u00edtica de privacidad contenidos en \u00e9l. Si el usuario no est\u00e1 de acuerdo con estas condiciones de uso y no presta su consentimiento, no podr\u00e1 hacer uso de este sitio web.<\/p>\n<p>El acceso a este sitio web, as\u00ed como el uso que pueda hacerse de la informaci\u00f3n que contiene, son de la exclusiva responsabilidad del usuario. El usuario se compromete a hacer uso del mismo de acuerdo a la finalidad del sitio web.<\/p>\n<p>El usuario no puede hacer un uso il\u00edcito de la informaci\u00f3n contenida en este sitio web, ni llevar a cabo acciones que puedan da\u00f1ar o alterar los sistemas inform\u00e1ticos de este sitio web<\/p>\n<p>Queda prohibida la inclusi\u00f3n y comunicaci\u00f3n de contenidos, por parte de los usuarios, que sean falsos o inexactos y que induzcan o puedan inducir a error a Anaitasuna Ikastola o a otros usuarios o terceros. El usuario ser\u00e1 el \u00fanico responsable de los perjuicios que cause mediante la comunicaci\u00f3n de dichos datos.<\/p>\n<p>Queda prohibido el uso de datos personales de terceros sin su consentimiento, as\u00ed como el uso de datos identificativos de terceros con el \u00e1nimo de hacerse pasar por o fingir ser cualquier otra persona o entidad.<\/p>\n<p>Anaitasuna Ikastola realiza los m\u00e1ximos esfuerzos para evitar errores en los contenidos que se publican en el sitio web, reserv\u00e1ndose la facultad de poder modificarlos en cualquier momento. Anaitasuna Ikastola declina expresamente cualquier responsabilidad por error u omisi\u00f3n en los contenidos de este sitio web y de los da\u00f1os y perjuicios que puedan deberse a la falta de veracidad, exactitud y actualidad de los mismos.<\/p>\n<p><a href=\"https:\/\/www.anaitasunaikastola.net\" target=\"_blank\" rel=\"noopener noreferrer\">www.anaitasunaikastola.net<\/a>\u00a0puede contener la opini\u00f3n y puntos de vista de otros usuarios. Teniendo en cuenta la naturaleza interactiva del sitio, Anaitasuna Ikastola no se hace responsable del incumplimiento de las normas por parte de los usuarios, de modo que no puede garantizar la certeza, eficacia o veracidad de cualquier contenido generado por los usuarios.<\/p>\n<p>El sitio web puede ofrecer enlaces a otros sitios web o facilitar su acceso mediante un buscador ubicado en su sitio web. Anaitasuna Ikastola no asume ninguna responsabilidad en relaci\u00f3n con estos sitios enlazados, ni los resultados de las b\u00fasquedas, ya que no tiene ning\u00fan tipo de control sobre ellos, su contenido, productos y servicios ofrecidos, etc. La finalidad de estos servicios es informar al usuario de otras fuentes de informaci\u00f3n, por lo que el usuario accede bajo su exclusiva responsabilidad al contenido y en las condiciones de uso que rijan en los mismos.<\/p>\n<p>Anaitasuna Ikastola no se responsabilizar\u00e1 de ninguna consecuencia, da\u00f1o o perjuicio que pudieran derivarse del uso de este sitio web o de sus contenidos, incluidos da\u00f1os inform\u00e1ticos y la introducci\u00f3n de virus o cualquier tipo de malware. Anaitasuna Ikastola no garantiza la ausencia de virus ni de otros elementos en el sitio web, introducidos por terceros ajenos, que puedan producir alteraciones en los sistemas f\u00edsicos o l\u00f3gicos de los usuarios, pero utiliza todos los medios a su alcance para que esto no suceda.<\/p>\n<p>Anaitasuna Ikastola se reserva el derecho de modificar o borrar en cualquier momento, sin previo aviso y\/o justificaci\u00f3n, el dise\u00f1o, la configuraci\u00f3n y la informaci\u00f3n contenida en este sitio web, si as\u00ed lo estima oportuno. Anaitasuna Ikastola no se hace responsable de los perjuicios que estas modificaciones puedan causar. No obstante utilizar\u00e1 los recursos que tenga a su alcance para informar a los usuarios de dichas modificaciones.<\/p>\n<h3 style=\"text-align: left;\"><strong>2. Blogs<\/strong><\/h3>\n<p>El sitio web contiene un apartado denominado \u201cblogs\u201d donde los responsables del centro y dem\u00e1s usuarios invitados pueden publicar y comentar informaci\u00f3n de car\u00e1cter general o relacionada con el sector, que pueda resultar de inter\u00e9s para los usuarios. El contenido de estos blogs es meramente informativo y no constituye un asesoramiento personalizado. Para obtener un asesoramiento personalizado y adaptado a las necesidades del usuario el centro recomienda que visite personal cualificado.<\/p>\n<p>Asimismo, puesto que en los blogs se admiten comentarios, Anaitasuna Ikastola no se responsabiliza de las opiniones vertidas por los mismos, y se reserva los derechos de borrar los comentarios ofensivos o denigrantes y bloquear e impedir los futuros comentarios provenientes de los autores de dichos comentarios.<\/p>\n<h3 style=\"text-align: left;\"><strong>3. Propiedad intelectual e industrial<\/strong><\/h3>\n<p>Los derechos de propiedad de este sitio web, de sus p\u00e1ginas, pantallas, la informaci\u00f3n que contienen, su apariencia y dise\u00f1o, fotograf\u00edas, im\u00e1genes, sus productos y servicios, marcas, logos, lemas, etc. son propiedad de Anaitasuna Ikastola, salvo que se especifique otra cosa.<\/p>\n<p>En ning\u00fan caso el acceso o navegaci\u00f3n en el sitio web implica renuncia, transmisi\u00f3n o licencia total o parcial de Anaitasuna Ikastola para uso personal al usuario sobre sus derechos de propiedad intelectual e industrial. La reproducci\u00f3n, distribuci\u00f3n, comercializaci\u00f3n o transformaci\u00f3n no autorizadas de estas obras constituye una infracci\u00f3n de los derechos de propiedad intelectual de Anaitasuna Ikastola.<\/p>\n<p>El usuario se compromete a no realizar ninguna acci\u00f3n que perjudique la titularidad de este sitio web. La utilizaci\u00f3n no autorizada de la informaci\u00f3n contenida en este sitio web, as\u00ed como los perjuicios ocasionados en los derechos de propiedad intelectual e industrial de sus titulares, pueden dar lugar al ejercicio de las acciones que legalmente correspondan y, si procede, a las responsabilidades que de dicho ejercicio se deriven.<\/p>\n<h3 style=\"text-align: left;\"><strong>4. Modificaciones<\/strong><\/h3>\n<p style=\"text-align: justify;\">Estas Condiciones podr\u00e1n sufrir modificaciones cuando Anaitasuna Ikastola lo considere oportuno, bien con la finalidad de adecuarse a los cambios legislativos, bien con el fin de llevar a cabo otro tipo de mejoras. Estas modificaciones ser\u00e1n v\u00e1lidas desde su publicaci\u00f3n en este sitio web. Anaitasuna Ikastola utilizar\u00e1 los medios a su alcance para dar a conocer a los usuarios del sitio web los cambios realizados.<\/p>\n<h3 style=\"text-align: left;\"><strong>5. Jurisdicci\u00f3n<\/strong><\/h3>\n<p>Las relaciones establecidas entre Anaitasuna Ikastola y el usuario se regir\u00e1n por lo dispuesto en la normativa vigente acerca de la legislaci\u00f3n aplicable y la jurisdicci\u00f3n competente. No obstante, para los casos en los que la normativa prevea la posibilidad a las partes de someterse a un fuero, Anaitasuna Ikastola y el usuario, con renuncia expresa a cualquier otro fuero que pudiera corresponderles, se someten a los Juzgados y Tribunales de Bilbao.<\/p>\n<p>Anaitasuna Ikastola perseguir\u00e1 el incumplimiento de las anteriores condiciones as\u00ed como cualquier utilizaci\u00f3n indebida de los contenidos presentados en su sitio web ejerciendo todas las acciones civiles y penales que le puedan corresponder en derecho.<\/p>\n<\/div>\n","protected":false},"excerpt":{"rendered":"<p>[et_pb_section][et_pb_row][et_pb_column type=\u00bb4_4&#8243;][et_pb_text] Informaci\u00f3n Legal En cumplimiento de la Ley 34\/2002, de 11 de julio, de Servicios de la Sociedad de la Informaci\u00f3n y de Comercio Electr\u00f3nico, le informamos que el dominio de internet www.anaitasunaikastola.net es titularidad de Anaitasuna Ikastola (S4833001C), con domicilio en C\/ Ongarai kalea &#8211; Ermua (Gipuzkoa), tel\u00e9fono 943171033, correo electr\u00f3nico 014520aa@hezkuntza.net. 1. [&hellip;]<\/p>\n","protected":false},"author":1,"featured_media":0,"parent":0,"menu_order":0,"comment_status":"closed","ping_status":"closed","template":"","meta":{"_et_pb_use_builder":"","_et_pb_old_content":"<p>[et_pb_section][et_pb_row][et_pb_column type=\"4_4\"][et_pb_text]<\/p><div><h2 style=\"text-align: justify;\"><span style=\"text-decoration: underline;\"><strong>Pribatutasun Politika \u2013 Datu Pertsonalen Babesa<\/strong><\/span><\/h2><h3 style=\"text-align: left;\"><strong>1. Atarikoa<\/strong><\/h3><p style=\"text-align: left;\">Datu Pertsonalak Babesteko abenduaren 13ko 15\/1999 Lege Organikoa (aurrerantzean, DBLO) eta bere arautegiaren arabera, erabiltzaileei jakinarazi nahi zaie web gune honen bidez ematen dituzten datu pertsonalak Anaitasuna Ikastolaren fitxategietan jasoko direla, horixe baita Fitxategiaren Erantzulea. Hala, jasotako kontsultei eta eskaerei erantzuteko, erabiltzailearekin harremanetan jartzeko, eskatutako zerbitzuen kudeaketa-lana egiteko, harremanetarako eta bere jarduerari legez dagozkion funtzio guztiak egiteko erabiliko dira.<\/p><p style=\"text-align: left;\">Erabiltzaileen datu pertsonalak isilpean erabiliko dira. Anaitasuna Ikastolak erabiltzaileen datu pertsonalak pribatutasunez erabiltzeko eta horiek babesteko konpromisoa dauka; hala, eskura dituen baliabide guztiak erabiltzen ditu, interesdunen segurtasuna eta pribatutasuna bermatzeko.<\/p><p style=\"text-align: left;\">Web guneak kanpoko beste web gune eta kanal eta sare sozial batzuetarako estekak eskaintzen ditu (esate baterako, Facebook, Twitter, e.a.). Anaitasuna Ikastolak ez du bere gain hartzen estekatutako gune horietako erantzukizunik. Anaitasuna Ikastolak erabiltzaileari jakinarazi nahi dio, kanpoko web gune eta kanal eta sare sozial hauetan sartu nahi badu, Anaitasuna Ikastolak eskainitako estekak erabiliz edo ez, kanpoko web gune horien erabilera baldintzak, pribatutasun politikak, cookie politikak edo bestelako baldintzak edo\/eta arauak web gune horien arduradunen erantzukizunak dira.<\/p><p style=\"text-align: left;\">Anaitasuna Ikastolak erabiltzaileei gomendatzen die begira ditzatela haurren eta gazteen datu pertsonalen babesari buruz Datuak Babesteko Euskal Bulegoak argitaratutako hainbat material. Informazio hori guztia (teknologia berrien erabilerari buruzko eskuliburuak, bideo hezitzaileak, etab.), hain zuzen, www.kontuzdatos.info helbidean dago ikusgai.<\/p><h3 style=\"text-align: left;\"><strong>2. Datu pertsonalak biltzea<\/strong><\/h3><p style=\"text-align: left;\">Anaitasuna Ikastolak ez dio erabiltzaileari datu pertsonalak emateko eskatzen, bere web gunean sartzeko; alabaina, zerbitzu batzuk erabiltzeko, esate baterako formularioak, ezinbestekoa da erabiltzaileak datu pertsonalak ematea. Erabiltzaileak era askean eta borondatez emango ditu bere datuak. Anaitasuna Ikastolak erabiltzaileak eskatutako zerbitzua jasotzeko beharrezkoa den informazio pertsonala baino ez du eskatuko.<\/p><p style=\"text-align: left;\">Web gune honetan edozein eratako edukiak (datuak, testuak, bideoak, soinua, argazkiak, grafikoak, mezuak edo bestelako materiala) txertatzen dituen erabiltzaileak adierazi eta bermatu behar du hemen adierazitako baldintzen arabera egingo duela.<\/p><p style=\"text-align: left;\">Hirugarrenen datu pertsonalak gehitzen dituen erabiltzaileak adierazi behar du pertsona horien aurretiko eta informatutako baimen zehatza daukala datuak argitaratzeko.<\/p><p style=\"text-align: left;\">Erabiltzailearen ardura eta beharra izango da emandako datuen zehaztasuna, zuzentasuna eta egiazkotasuna bermatzea eta, behar den kasuetan, datu hauek eguneratzea. Anaitasuna Ikastolak ez du honen inguruko erantzukizunik hartuko bere gainean.<\/p><p style=\"text-align: left;\">Anaitasuna Ikastolak ez die inolako datu pertsonalik eskatuko adingabeei. Datu pertsonal guztiak haurren tutore edo gurasoenak izango dira. Anaitasuna Ikastolak gurasoei eta legezko tutoreei gomendatzen die web gune honetan nabigatzen laguntzeko euren seme-alabei. Orria erantzukizunez erabiliz gero baino ez baikara seguru ibiliko.<\/p><p style=\"text-align: left;\">Web gune honen bitartez informazioa bidali behar bada, ezinbestekoa da honako pribatutasun politika honetan eta web gunearen baldintza orokorretan deskribatutako datuen tratamendurako baimena ematea.<\/p><h3 style=\"text-align: left;\"><strong>3. Interesdunen eskubideak<\/strong><\/h3><p style=\"text-align: left;\">Anaitasuna Ikastolak erabiltzaileari gogorarazi nahi dio edonoiz erabil ditzakeela datuetan sartzeko, datuak aldatzeko zein ezeztatzeko eta tratamenduari aurka egiteko eskubideak. Horretarako, idatzia bidali beharko dio Fitxategiaren Erantzuleari: Ongarai kalea, 18 \u2013 Ermua (Bizkaia), telefonoa: 943171033 edo, bestela, <a href=\"mailto:014520aa@hezkuntza.net\" target=\"_blank\" rel=\"noopener\">014520aa@hezkuntza.net<\/a> helbide elektronikoaren bitartez. Eskaerarekin batera, interesdunaren Nortasun Agiriaren fotokopia bidali beharko da.<\/p><p style=\"text-align: left;\">Eskaera lege-ordezkari moduan egiten badu, berriz, Nortasun Agiriaren fotokopia ez ezik, ordezkaritza horren egiaztagiria ere bidali beharko du.<\/p><h3 style=\"text-align: left;\"><strong>4. Segurtasun-neurriak<\/strong><\/h3><p style=\"text-align: left;\">Anaitasuna Ikastolak, bere fitxategietako datu pertsonalak erabiltzean, datuen segurtasuna bermatzeko eta horiek aldatzea, galtzea edo baimenik gabe erabiltzea saihesteko beharrezkoak diren neurri tekniko eta antolamendu neurriak hartuko ditu. Betiere, teknologia-egoera, bildutako datuen izaera eta horiek izan ditzaketen arriskuak kontuan izanda; bai giza jardunak eragindakoak, bai ingurune fisiko zein naturalak eragindakoak. Horretarako, aintzat hartuko du datu pertsonalak biltzen dituzten fitxategien segurtasun neurriak aplikatzeari buruz indarrean den legedia; batez ere, DBLO eta beronen garapenerako araudia. Nolanahi ere, erabiltzaileei argi adieraziko zaie segurtasun-neurri informatikoak ez direla erasoezinak, eta ondorioz, gerta litezkeela legez kanpoko esku-hartze edo esku-hartze bidegabeak, baina ez liratekeela Anaitasuna Ikastolaren erantzukizunpekoak.<\/p><h3 style=\"text-align: left;\">\u00a0<\/h3><h3 style=\"text-align: left;\"><strong>5. Trafiko datuak<\/strong><\/h3><p style=\"text-align: left;\">Anaitasuna Ikastolaren web guneak, zerbitzu hobea eskaintzeko asmoz, erabiltzailearen IP helbidea erregistratu dezake. Era horretan, gerora, datuak prozesatu ahal izango dira, esate baterako, ikusitako orrialdeen kopurua, bisiten kopurua eta web-orriko bisitarien jarduera eta erabilera-maiztasuna zein izan den aztertzeko.<\/p><p style=\"text-align: left;\">Erabiltzaileak aurretiko baimena ematen dio Anaitasuna Ikastolari bere IP helbidea tratatzeko web gune honetan sartzen denean. Horrela, ez da beharrezkoa izango baimen hau jasotzea web gunean sartzen den bakoitzean.<\/p><p style=\"text-align: left;\">Aipatutako helburua lortzeko, Google Analytics-ekin ari gara web gune hau neurtzen eta aztertzen. Aztertzaile horrek orrialdeetako markak eta cookieak erabili ahal izango ditu, Anaitasuna Ikastolaren web guneko orrialdeetan gertatzen dena aztertu ahal izateko.<\/p><h3 style=\"text-align: left;\"><strong>6. Indarraldia<\/strong><\/h3><p style=\"text-align: left;\">Anaitasuna Ikastolak beretzat gordetzen du bere pribatutasun-politika aldatzeko eskubidea, bai ordura arteko irizpideak aldatu dituelako, bai lege- edo jurisprudentzia-aldaketak izan direlako. Anaitasuna Ikastolak aldaketaren bat eginez gero, ordea, testu berria web gune berean argitaratuko du, eta erabiltzailea berehala ohartuko da. Dena den, erabiltzailea web gunean sartzen den unean bertan aurreikusita dauden arauek arautuko dute erabiltzaileekiko harremana. Horregatik, Anaitasuna Ikastolak gomendatzen dizu aldian-aldian sartzeko pribatutasun-politika horretara.<\/p><\/div><p>[\/et_pb_text][\/et_pb_column][\/et_pb_row][\/et_pb_section]<\/p>","_et_gb_content_width":"","footnotes":""},"class_list":["post-1842","page","type-page","status-publish","hentry"],"yoast_head":"<!-- This site is optimized with the Yoast SEO plugin v27.3 - https:\/\/yoast.com\/product\/yoast-seo-wordpress\/ -->\n<title>Aviso Legal - Anaitasuna Ikastola<\/title>\n<meta name=\"robots\" content=\"index, follow, max-snippet:-1, max-image-preview:large, max-video-preview:-1\" \/>\n<link rel=\"canonical\" href=\"https:\/\/anaitasunaikastola.eus\/es\/aviso-legal\/\" \/>\n<meta property=\"og:locale\" content=\"es_ES\" \/>\n<meta property=\"og:type\" content=\"article\" \/>\n<meta property=\"og:title\" content=\"Aviso Legal - Anaitasuna Ikastola\" \/>\n<meta property=\"og:description\" content=\"[et_pb_section][et_pb_row][et_pb_column type=\u00bb4_4&#8243;][et_pb_text] Informaci\u00f3n Legal En cumplimiento de la Ley 34\/2002, de 11 de julio, de Servicios de la Sociedad de la Informaci\u00f3n y de Comercio Electr\u00f3nico, le informamos que el dominio de internet www.anaitasunaikastola.net es titularidad de Anaitasuna Ikastola (S4833001C), con domicilio en C\/ Ongarai kalea &#8211; Ermua (Gipuzkoa), tel\u00e9fono 943171033, correo electr\u00f3nico 014520aa@hezkuntza.net. 1. [&hellip;]\" \/>\n<meta property=\"og:url\" content=\"https:\/\/anaitasunaikastola.eus\/es\/aviso-legal\/\" \/>\n<meta property=\"og:site_name\" content=\"Anaitasuna Ikastola\" \/>\n<meta property=\"article:modified_time\" content=\"2023-06-21T09:38:50+00:00\" \/>\n<meta name=\"twitter:card\" content=\"summary_large_image\" \/>\n<meta name=\"twitter:label1\" content=\"Tiempo de lectura\" \/>\n\t<meta name=\"twitter:data1\" content=\"7 minutos\" \/>\n<script type=\"application\/ld+json\" class=\"yoast-schema-graph\">{\"@context\":\"https:\\\/\\\/schema.org\",\"@graph\":[{\"@type\":\"WebPage\",\"@id\":\"https:\\\/\\\/anaitasunaikastola.eus\\\/es\\\/aviso-legal\\\/\",\"url\":\"https:\\\/\\\/anaitasunaikastola.eus\\\/es\\\/aviso-legal\\\/\",\"name\":\"Aviso Legal - Anaitasuna Ikastola\",\"isPartOf\":{\"@id\":\"https:\\\/\\\/anaitasunaikastola.eus\\\/es\\\/#website\"},\"datePublished\":\"2023-06-21T08:42:01+00:00\",\"dateModified\":\"2023-06-21T09:38:50+00:00\",\"breadcrumb\":{\"@id\":\"https:\\\/\\\/anaitasunaikastola.eus\\\/es\\\/aviso-legal\\\/#breadcrumb\"},\"inLanguage\":\"es\",\"potentialAction\":[{\"@type\":\"ReadAction\",\"target\":[\"https:\\\/\\\/anaitasunaikastola.eus\\\/es\\\/aviso-legal\\\/\"]}]},{\"@type\":\"BreadcrumbList\",\"@id\":\"https:\\\/\\\/anaitasunaikastola.eus\\\/es\\\/aviso-legal\\\/#breadcrumb\",\"itemListElement\":[{\"@type\":\"ListItem\",\"position\":1,\"name\":\"Home\",\"item\":\"https:\\\/\\\/anaitasunaikastola.eus\\\/es\\\/\"},{\"@type\":\"ListItem\",\"position\":2,\"name\":\"Aviso Legal\"}]},{\"@type\":\"WebSite\",\"@id\":\"https:\\\/\\\/anaitasunaikastola.eus\\\/es\\\/#website\",\"url\":\"https:\\\/\\\/anaitasunaikastola.eus\\\/es\\\/\",\"name\":\"Anaitasuna Ikastola\",\"description\":\"HLH ikastolako webgunea \u00b7 Ermua\",\"potentialAction\":[{\"@type\":\"SearchAction\",\"target\":{\"@type\":\"EntryPoint\",\"urlTemplate\":\"https:\\\/\\\/anaitasunaikastola.eus\\\/es\\\/?s={search_term_string}\"},\"query-input\":{\"@type\":\"PropertyValueSpecification\",\"valueRequired\":true,\"valueName\":\"search_term_string\"}}],\"inLanguage\":\"es\"}]}<\/script>\n<!-- \/ Yoast SEO plugin. -->","yoast_head_json":{"title":"Aviso Legal - Anaitasuna Ikastola","robots":{"index":"index","follow":"follow","max-snippet":"max-snippet:-1","max-image-preview":"max-image-preview:large","max-video-preview":"max-video-preview:-1"},"canonical":"https:\/\/anaitasunaikastola.eus\/es\/aviso-legal\/","og_locale":"es_ES","og_type":"article","og_title":"Aviso Legal - Anaitasuna Ikastola","og_description":"[et_pb_section][et_pb_row][et_pb_column type=\u00bb4_4&#8243;][et_pb_text] Informaci\u00f3n Legal En cumplimiento de la Ley 34\/2002, de 11 de julio, de Servicios de la Sociedad de la Informaci\u00f3n y de Comercio Electr\u00f3nico, le informamos que el dominio de internet www.anaitasunaikastola.net es titularidad de Anaitasuna Ikastola (S4833001C), con domicilio en C\/ Ongarai kalea &#8211; Ermua (Gipuzkoa), tel\u00e9fono 943171033, correo electr\u00f3nico 014520aa@hezkuntza.net. 1. [&hellip;]","og_url":"https:\/\/anaitasunaikastola.eus\/es\/aviso-legal\/","og_site_name":"Anaitasuna Ikastola","article_modified_time":"2023-06-21T09:38:50+00:00","twitter_card":"summary_large_image","twitter_misc":{"Tiempo de lectura":"7 minutos"},"schema":{"@context":"https:\/\/schema.org","@graph":[{"@type":"WebPage","@id":"https:\/\/anaitasunaikastola.eus\/es\/aviso-legal\/","url":"https:\/\/anaitasunaikastola.eus\/es\/aviso-legal\/","name":"Aviso Legal - Anaitasuna Ikastola","isPartOf":{"@id":"https:\/\/anaitasunaikastola.eus\/es\/#website"},"datePublished":"2023-06-21T08:42:01+00:00","dateModified":"2023-06-21T09:38:50+00:00","breadcrumb":{"@id":"https:\/\/anaitasunaikastola.eus\/es\/aviso-legal\/#breadcrumb"},"inLanguage":"es","potentialAction":[{"@type":"ReadAction","target":["https:\/\/anaitasunaikastola.eus\/es\/aviso-legal\/"]}]},{"@type":"BreadcrumbList","@id":"https:\/\/anaitasunaikastola.eus\/es\/aviso-legal\/#breadcrumb","itemListElement":[{"@type":"ListItem","position":1,"name":"Home","item":"https:\/\/anaitasunaikastola.eus\/es\/"},{"@type":"ListItem","position":2,"name":"Aviso Legal"}]},{"@type":"WebSite","@id":"https:\/\/anaitasunaikastola.eus\/es\/#website","url":"https:\/\/anaitasunaikastola.eus\/es\/","name":"Anaitasuna Ikastola","description":"HLH ikastolako webgunea \u00b7 Ermua","potentialAction":[{"@type":"SearchAction","target":{"@type":"EntryPoint","urlTemplate":"https:\/\/anaitasunaikastola.eus\/es\/?s={search_term_string}"},"query-input":{"@type":"PropertyValueSpecification","valueRequired":true,"valueName":"search_term_string"}}],"inLanguage":"es"}]}},"_links":{"self":[{"href":"https:\/\/anaitasunaikastola.eus\/es\/wp-json\/wp\/v2\/pages\/1842","targetHints":{"allow":["GET"]}}],"collection":[{"href":"https:\/\/anaitasunaikastola.eus\/es\/wp-json\/wp\/v2\/pages"}],"about":[{"href":"https:\/\/anaitasunaikastola.eus\/es\/wp-json\/wp\/v2\/types\/page"}],"author":[{"embeddable":true,"href":"https:\/\/anaitasunaikastola.eus\/es\/wp-json\/wp\/v2\/users\/1"}],"replies":[{"embeddable":true,"href":"https:\/\/anaitasunaikastola.eus\/es\/wp-json\/wp\/v2\/comments?post=1842"}],"version-history":[{"count":1,"href":"https:\/\/anaitasunaikastola.eus\/es\/wp-json\/wp\/v2\/pages\/1842\/revisions"}],"predecessor-version":[{"id":1849,"href":"https:\/\/anaitasunaikastola.eus\/es\/wp-json\/wp\/v2\/pages\/1842\/revisions\/1849"}],"wp:attachment":[{"href":"https:\/\/anaitasunaikastola.eus\/es\/wp-json\/wp\/v2\/media?parent=1842"}],"curies":[{"name":"wp","href":"https:\/\/api.w.org\/{rel}","templated":true}]}}